{"id":503,"date":"2024-09-27T12:06:55","date_gmt":"2024-09-27T10:06:55","guid":{"rendered":"https:\/\/expo-moto.ch\/wordpress\/?page_id=503"},"modified":"2025-02-13T22:22:07","modified_gmt":"2025-02-13T21:22:07","slug":"nous","status":"publish","type":"page","link":"https:\/\/expo-moto.ch\/wordpress\/nous\/","title":{"rendered":"Nous"},"content":{"rendered":"<div class=\"wpb-content-wrapper\"><p>[vc_row full_width=\u00a0\u00bbstretch_row\u00a0\u00bb css=\u00a0\u00bb.vc_custom_1727455932728{margin-right: 0px !important;margin-left: 0px !important;padding-right: 0px !important;padding-left: 0px !important;}\u00a0\u00bb][vc_column css=\u00a0\u00bb.vc_custom_1727445378329{margin-right: 0px !important;margin-left: 0px !important;padding-right: 0px !important;padding-left: 0px !important;}\u00a0\u00bb][vc_single_image image=\u00a0\u00bb1294&Prime; img_size=\u00a0\u00bbfull\u00a0\u00bb css_animation=\u00a0\u00bbfadeIn\u00a0\u00bb css=\u00a0\u00bb.vc_custom_1735912010157{margin-right: 0px !important;margin-bottom: 0px !important;margin-left: 0px !important;padding-right: 0px !important;padding-left: 0px !important;}\u00a0\u00bb el_class=\u00a0\u00bbbanner-img\u00a0\u00bb][\/vc_column][\/vc_row][vc_row el_class=\u00a0\u00bbsite-container extra-title-container\u00a0\u00bb][vc_column css=\u00a0\u00bb.vc_custom_1727450317230{padding-right: 0px !important;padding-left: 0px !important;}\u00a0\u00bb][vc_custom_heading text=\u00a0\u00bbLa face cach\u00e9e de l\u2019expo-moto\u00a0\u00bb font_container=\u00a0\u00bbtag:h1|font_size:48|text_align:left|color:%23FFFFFF|line_height:90px\u00a0\u00bb use_theme_fonts=\u00a0\u00bbyes\u00a0\u00bb css=\u00a0\u00bb\u00a0\u00bb el_class=\u00a0\u00bbfw-900 extra-title\u00a0\u00bb][\/vc_column][\/vc_row][vc_row el_class=\u00a0\u00bbsite-container content-visit\u00a0\u00bb][vc_column width=\u00a0\u00bb1\/2&Prime; css=\u00a0\u00bb.vc_custom_1727496780061{padding-right: 0px !important;padding-left: 0px !important;}\u00a0\u00bb el_class=\u00a0\u00bbex-content-left\u00a0\u00bb][vc_custom_heading text=\u00a0\u00bbNotre histoire\u00a0\u00bb font_container=\u00a0\u00bbtag:p|font_size:32px|text_align:left|color:%232B2E34|line_height:44px\u00a0\u00bb use_theme_fonts=\u00a0\u00bbyes\u00a0\u00bb css=\u00a0\u00bb.vc_custom_1731959217612{margin-bottom: 0px !important;}\u00a0\u00bb el_class=\u00a0\u00bbfw-800 text-upper title-32 text-24-tablet\u00a0\u00bb][vc_custom_heading text=\u00a0\u00bbTous les deux ans, le Club Motoris\u00e9 de Martigny organise l\u2019Expo-Moto.<br \/>\nL\u2019Expo-Moto de Martigny revient cette ann\u00e9e, le week-end du samedi 29 et du dimanche 30 mars 2025.<br \/>\nEntre les expositions des nouveaut\u00e9s de la saison \u00e0 venir, les occasions, les \u00e9quipements, tout le monde trouvera son bonheur.<br \/>\nVous aurez \u00e9galement la possibilt\u00e9 de vous restaurer sur place.<br \/>\nTout cela se d\u00e9roule dans une ambiance conviviale et familiale.<br \/>\nNous nous ferons un plaisir de partager avec vous ce week-end de folie.\u00a0\u00bb font_container=\u00a0\u00bbtag:p|font_size:24px|text_align:left|color:%232B2E34|line_height:44px\u00a0\u00bb use_theme_fonts=\u00a0\u00bbyes\u00a0\u00bb css=\u00a0\u00bb.vc_custom_1739481724951{margin-bottom: 44px !important;}\u00a0\u00bb el_class=\u00a0\u00bbfw-500 text-normal text-22-tablet\u00a0\u00bb][vc_custom_heading text=\u00a0\u00bbLes b\u00e9n\u00e9voles\u00a0\u00bb font_container=\u00a0\u00bbtag:p|font_size:32px|text_align:left|color:%232B2E34|line_height:44px\u00a0\u00bb use_theme_fonts=\u00a0\u00bbyes\u00a0\u00bb css=\u00a0\u00bb.vc_custom_1727756677435{margin-bottom: 0px !important;}\u00a0\u00bb el_class=\u00a0\u00bbfw-800 text-upper title-32 text-24-tablet\u00a0\u00bb][vc_custom_heading text=\u00a0\u00bbSans eux, sans vous, rien de tout cela ne serait possible !\u00a0\u00bb font_container=\u00a0\u00bbtag:p|font_size:24px|text_align:left|color:%232B2E34|line_height:44px\u00a0\u00bb use_theme_fonts=\u00a0\u00bbyes\u00a0\u00bb css=\u00a0\u00bb.vc_custom_1727756699715{margin-bottom: 44px !important;}\u00a0\u00bb el_class=\u00a0\u00bbfw-500 text-normal text-22-tablet\u00a0\u00bb][vc_custom_heading text=\u00a0\u00bbL\u2019Expo-Moto c\u2019est pr\u00e8s d\u2019une centaine de b\u00e9n\u00e9voles, comit\u00e9 compris, qui travaillent sans compter et souvent dans l\u2019ombre, pour vous faire vivre une visite de qualit\u00e9.\u00a0\u00bb font_container=\u00a0\u00bbtag:p|font_size:24px|text_align:left|color:%232B2E34|line_height:44px\u00a0\u00bb use_theme_fonts=\u00a0\u00bbyes\u00a0\u00bb css=\u00a0\u00bb.vc_custom_1727756745363{margin-bottom: 44px !important;}\u00a0\u00bb el_class=\u00a0\u00bbfw-500 text-normal text-22-tablet\u00a0\u00bb][vc_custom_heading text=\u00a0\u00bbUn \u00e9norme merci \u00e0 tous !\u00a0\u00bb font_container=\u00a0\u00bbtag:p|font_size:26px|text_align:left|color:%232B2E34|line_height:44px\u00a0\u00bb use_theme_fonts=\u00a0\u00bbyes\u00a0\u00bb css=\u00a0\u00bb.vc_custom_1727756762323{margin-bottom: 0px !important;}\u00a0\u00bb el_class=\u00a0\u00bbfw-800 text-upper title-26 text-24-tablet\u00a0\u00bb][vc_custom_heading text=\u00a0\u00bbVous \u00eates formidables !\u00a0\u00bb font_container=\u00a0\u00bbtag:p|font_size:26px|text_align:left|color:%232B2E34|line_height:44px\u00a0\u00bb use_theme_fonts=\u00a0\u00bbyes\u00a0\u00bb css=\u00a0\u00bb.vc_custom_1727756780899{margin-bottom: 0px !important;}\u00a0\u00bb el_class=\u00a0\u00bbfw-800 text-upper title-26 text-24-tablet\u00a0\u00bb][\/vc_column][vc_column width=\u00a0\u00bb1\/2&Prime;][vc_single_image image=\u00a0\u00bb1166&Prime; css=\u00a0\u00bb\u00a0\u00bb][\/vc_column][\/vc_row][vc_row el_class=\u00a0\u00bbsite-container content-visit\u00a0\u00bb css=\u00a0\u00bb.vc_custom_1727756999917{margin-top: 107px !important;}\u00a0\u00bb][vc_column css=\u00a0\u00bb.vc_custom_1727496780061{padding-right: 0px !important;padding-left: 0px !important;}\u00a0\u00bb el_class=\u00a0\u00bbex-content-left\u00a0\u00bb][vc_custom_heading text=\u00a0\u00bbLe comit\u00e9\u00a0\u00bb font_container=\u00a0\u00bbtag:p|font_size:32px|text_align:left|color:%232B2E34|line_height:44px\u00a0\u00bb use_theme_fonts=\u00a0\u00bbyes\u00a0\u00bb css=\u00a0\u00bb.vc_custom_1727757110955{margin-bottom: 0px !important;}\u00a0\u00bb el_class=\u00a0\u00bbfw-800 text-upper title-32 text-24-tablet\u00a0\u00bb][\/vc_column][\/vc_row][vc_row el_class=\u00a0\u00bbsite-container content-visit\u00a0\u00bb css=\u00a0\u00bb.vc_custom_1727768771554{margin-top: 38px !important;margin-bottom: 75px !important;}\u00a0\u00bb][vc_column width=\u00a0\u00bb2\/3&Prime; css=\u00a0\u00bb.vc_custom_1731959152805{padding-right: 0px !important;padding-left: 0px !important;}\u00a0\u00bb el_class=\u00a0\u00bbex-content-left\u00a0\u00bb][vc_column_text css=\u00a0\u00bb.vc_custom_1727766935275{margin-bottom: 0px !important;}\u00a0\u00bb]<div class=\"members-grid\"><div class=\"member-item\"><img decoding=\"async\" src=\"https:\/\/expo-moto.ch\/wordpress\/wp-content\/uploads\/2024\/11\/WhatsApp-Image-2024-11-04-a-16.42.23_858ff436-1.jpg\" alt=\"Pascal\"><div class=\"overlay\"><div class=\"text\"><h3 class=\"member-name\">Pascal<\/h3><p class=\"member-position\">Pr\u00e9sident<\/p><\/div><\/div><\/div><div class=\"member-item\"><img decoding=\"async\" src=\"https:\/\/expo-moto.ch\/wordpress\/wp-content\/uploads\/2024\/11\/WhatsApp-Image-2024-11-04-a-16.41.33_b12090ec-1.jpg\" alt=\"Bastien\"><div class=\"overlay\"><div class=\"text\"><h3 class=\"member-name\">Bastien<\/h3><p class=\"member-position\">Vice-pr\u00e9sident<\/p><\/div><\/div><\/div><div class=\"member-item\"><img decoding=\"async\" src=\"https:\/\/expo-moto.ch\/wordpress\/wp-content\/uploads\/2024\/11\/WhatsApp-Image-2024-11-21-a-13.16.23_0ce83c70.jpg\" alt=\"David\"><div class=\"overlay\"><div class=\"text\"><h3 class=\"member-name\">David<\/h3><p class=\"member-position\">Responsable montage<\/p><\/div><\/div><\/div><div class=\"member-item\"><img decoding=\"async\" src=\"https:\/\/expo-moto.ch\/wordpress\/wp-content\/uploads\/2024\/11\/WhatsApp-Image-2024-11-04-a-16.41.33_5d270fd3-1.jpg\" alt=\"G\u00e9rard\"><div class=\"overlay\"><div class=\"text\"><h3 class=\"member-name\">G\u00e9rard<\/h3><p class=\"member-position\">Responsable des occasions<\/p><\/div><\/div><\/div><div class=\"member-item\"><img decoding=\"async\" src=\"https:\/\/expo-moto.ch\/wordpress\/wp-content\/uploads\/2024\/11\/WhatsApp-Image-2024-11-04-a-16.41.32_6418ecaa-1.jpg\" alt=\"Rosalie\"><div class=\"overlay\"><div class=\"text\"><h3 class=\"member-name\">Rosalie<\/h3><p class=\"member-position\">Responsable des b\u00e9n\u00e9voles et pr\u00e9sidente du CMM<\/p><\/div><\/div><\/div><div class=\"member-item\"><img decoding=\"async\" src=\"https:\/\/expo-moto.ch\/wordpress\/wp-content\/uploads\/2024\/11\/WhatsApp-Image-2024-11-04-a-16.41.32_fc63386c-1.jpg\" alt=\"Max\"><div class=\"overlay\"><div class=\"text\"><h3 class=\"member-name\">Max<\/h3><p class=\"member-position\">Responsable s\u00e9curit\u00e9 et parkings<\/p><\/div><\/div><\/div><div class=\"member-item\"><img decoding=\"async\" src=\"https:\/\/expo-moto.ch\/wordpress\/wp-content\/uploads\/2024\/11\/WhatsApp-Image-2024-11-04-a-16.41.32_75391ad3-1.jpg\" alt=\"Philippe\"><div class=\"overlay\"><div class=\"text\"><h3 class=\"member-name\">Philippe<\/h3><p class=\"member-position\">Responsable bars<\/p><\/div><\/div><\/div><div class=\"member-item\"><img decoding=\"async\" src=\"https:\/\/expo-moto.ch\/wordpress\/wp-content\/uploads\/2024\/11\/WhatsApp-Image-2024-11-04-a-16.41.32_c7f3aa35-1.jpg\" alt=\"Valentin\"><div class=\"overlay\"><div class=\"text\"><h3 class=\"member-name\">Valentin<\/h3><p class=\"member-position\">Webmaster, Marketing et graphiste<\/p><\/div><\/div><\/div><\/div>[\/vc_column_text][\/vc_column][\/vc_row]<\/p>\n<\/div>","protected":false},"excerpt":{"rendered":"<p>[vc_row full_width=\u00a0\u00bbstretch_row\u00a0\u00bb css=\u00a0\u00bb.vc_custom_1727455932728{margin-right: 0px !important;margin-left: 0px !important;padding-right: 0px !important;padding-left: 0px !important;}\u00a0\u00bb][vc_column css=\u00a0\u00bb.vc_custom_1727445378329{margin-right: 0px !important;margin-left: 0px !important;padding-right: 0px !important;padding-left: 0px !important;}\u00a0\u00bb][vc_single_image image=\u00a0\u00bb1294&Prime; img_size=\u00a0\u00bbfull\u00a0\u00bb css_animation=\u00a0\u00bbfadeIn\u00a0\u00bb css=\u00a0\u00bb.vc_custom_1735912010157{margin-right: 0px !important;margin-bottom: 0px !important;margin-left: 0px !important;padding-right: 0px !important;padding-left: 0px !important;}\u00a0\u00bb el_class=\u00a0\u00bbbanner-img\u00a0\u00bb][\/vc_column][\/vc_row][vc_row el_class=\u00a0\u00bbsite-container extra-title-container\u00a0\u00bb][vc_column css=\u00a0\u00bb.vc_custom_1727450317230{padding-right: 0px !important;padding-left: 0px !important;}\u00a0\u00bb][vc_custom_heading text=\u00a0\u00bbLa face cach\u00e9e de l\u2019expo-moto\u00a0\u00bb font_container=\u00a0\u00bbtag:h1|font_size:48|text_align:left|color:%23FFFFFF|line_height:90px\u00a0\u00bb use_theme_fonts=\u00a0\u00bbyes\u00a0\u00bb css=\u00a0\u00bb\u00a0\u00bb el_class=\u00a0\u00bbfw-900 extra-title\u00a0\u00bb][\/vc_column][\/vc_row][vc_row el_class=\u00a0\u00bbsite-container content-visit\u00a0\u00bb][vc_column width=\u00a0\u00bb1\/2&Prime; [&hellip;]<\/p>\n","protected":false},"author":1,"featured_media":0,"parent":0,"menu_order":0,"comment_status":"closed","ping_status":"closed","template":"","meta":{"_acf_changed":false,"footnotes":""},"class_list":["post-503","page","type-page","status-publish","hentry"],"acf":[],"_links":{"self":[{"href":"https:\/\/expo-moto.ch\/wordpress\/wp-json\/wp\/v2\/pages\/503","targetHints":{"allow":["GET"]}}],"collection":[{"href":"https:\/\/expo-moto.ch\/wordpress\/wp-json\/wp\/v2\/pages"}],"about":[{"href":"https:\/\/expo-moto.ch\/wordpress\/wp-json\/wp\/v2\/types\/page"}],"author":[{"embeddable":true,"href":"https:\/\/expo-moto.ch\/wordpress\/wp-json\/wp\/v2\/users\/1"}],"replies":[{"embeddable":true,"href":"https:\/\/expo-moto.ch\/wordpress\/wp-json\/wp\/v2\/comments?post=503"}],"version-history":[{"count":29,"href":"https:\/\/expo-moto.ch\/wordpress\/wp-json\/wp\/v2\/pages\/503\/revisions"}],"predecessor-version":[{"id":1350,"href":"https:\/\/expo-moto.ch\/wordpress\/wp-json\/wp\/v2\/pages\/503\/revisions\/1350"}],"wp:attachment":[{"href":"https:\/\/expo-moto.ch\/wordpress\/wp-json\/wp\/v2\/media?parent=503"}],"curies":[{"name":"wp","href":"https:\/\/api.w.org\/{rel}","templated":true}]}}