{"id":501,"date":"2024-09-27T12:06:46","date_gmt":"2024-09-27T10:06:46","guid":{"rendered":"https:\/\/expo-moto.ch\/wordpress\/?page_id=501"},"modified":"2025-03-26T22:24:50","modified_gmt":"2025-03-26T21:24:50","slug":"visiter","status":"publish","type":"page","link":"https:\/\/expo-moto.ch\/wordpress\/visiter\/","title":{"rendered":"Visiter"},"content":{"rendered":"<div class=\"wpb-content-wrapper\"><p>[vc_row full_width=\u00a0\u00bbstretch_row\u00a0\u00bb css=\u00a0\u00bb.vc_custom_1727455932728{margin-right: 0px !important;margin-left: 0px !important;padding-right: 0px !important;padding-left: 0px !important;}\u00a0\u00bb][vc_column css=\u00a0\u00bb.vc_custom_1727445378329{margin-right: 0px !important;margin-left: 0px !important;padding-right: 0px !important;padding-left: 0px !important;}\u00a0\u00bb][vc_single_image image=\u00a0\u00bb1155&Prime; img_size=\u00a0\u00bbfull\u00a0\u00bb css_animation=\u00a0\u00bbfadeIn\u00a0\u00bb css=\u00a0\u00bb.vc_custom_1731250669918{margin-right: 0px !important;margin-bottom: 0px !important;margin-left: 0px !important;padding-right: 0px !important;padding-left: 0px !important;}\u00a0\u00bb el_class=\u00a0\u00bbbanner-img\u00a0\u00bb][\/vc_column][\/vc_row][vc_row el_class=\u00a0\u00bbsite-container extra-title-container\u00a0\u00bb][vc_column width=\u00a0\u00bb1\/2&Prime; css=\u00a0\u00bb.vc_custom_1727450317230{padding-right: 0px !important;padding-left: 0px !important;}\u00a0\u00bb][vc_custom_heading text=\u00a0\u00bbVenir visiter l\u2019expo\u00a0\u00bb font_container=\u00a0\u00bbtag:h1|font_size:48|text_align:left|color:%23FFFFFF|line_height:90px\u00a0\u00bb use_theme_fonts=\u00a0\u00bbyes\u00a0\u00bb css=\u00a0\u00bb\u00a0\u00bb el_class=\u00a0\u00bbfw-900 extra-title\u00a0\u00bb][\/vc_column][vc_column width=\u00a0\u00bb1\/2&Prime;][\/vc_column][\/vc_row][vc_row el_class=\u00a0\u00bbsite-container content-visit\u00a0\u00bb][vc_column width=\u00a0\u00bb1\/2&Prime; css=\u00a0\u00bb.vc_custom_1727496780061{padding-right: 0px !important;padding-left: 0px !important;}\u00a0\u00bb el_class=\u00a0\u00bbex-content-left\u00a0\u00bb][vc_custom_heading text=\u00a0\u00bbProgramme, animations et invit\u00e9s\u00a0\u00bb font_container=\u00a0\u00bbtag:p|font_size:32px|text_align:left|color:%232B2E34|line_height:44px\u00a0\u00bb use_theme_fonts=\u00a0\u00bbyes\u00a0\u00bb css=\u00a0\u00bb.vc_custom_1731258913483{margin-bottom: 46px !important;}\u00a0\u00bb el_class=\u00a0\u00bbfw-800 text-upper title-32 text-24-tablet\u00a0\u00bb][\/vc_column][vc_column width=\u00a0\u00bb1\/2&Prime;][vc_btn title=\u00a0\u00bbNos exposants \/ Nos sponsors\u00a0\u00bb style=\u00a0\u00bbcustom\u00a0\u00bb custom_background=\u00a0\u00bb#FFFFFF\u00a0\u00bb custom_text=\u00a0\u00bb#9D9D9D\u00a0\u00bb shape=\u00a0\u00bbsquare\u00a0\u00bb size=\u00a0\u00bblg\u00a0\u00bb css=\u00a0\u00bb.vc_custom_1731347938694{margin-top: 20px !important;margin-bottom: 50px !important;}\u00a0\u00bb el_class=\u00a0\u00bbbutton-yellow fw-800 btn-show-form\u00a0\u00bb link=\u00a0\u00bburl:https%3A%2F%2Fexpo-moto.ch%2Fwordpress%2Ffr%2Fnos-exposants%2F|title:Nos%20exposants\u00a0\u00bb][vc_btn title=\u00a0\u00bbNos invit\u00e9s\u00a0\u00bb style=\u00a0\u00bbcustom\u00a0\u00bb custom_background=\u00a0\u00bb#FFFFFF\u00a0\u00bb custom_text=\u00a0\u00bb#9D9D9D\u00a0\u00bb shape=\u00a0\u00bbsquare\u00a0\u00bb size=\u00a0\u00bblg\u00a0\u00bb css=\u00a0\u00bb.vc_custom_1731959035259{margin-top: 20px !important;margin-bottom: 50px !important;}\u00a0\u00bb el_class=\u00a0\u00bbbutton-yellow fw-800 btn-show-form\u00a0\u00bb link=\u00a0\u00bbtitle:Nos%20invit%C3%A9s\u00a0\u00bb][vc_btn title=\u00a0\u00bbVenez vendre votre moto d&rsquo;occasion\u00a0\u00bb style=\u00a0\u00bbcustom\u00a0\u00bb custom_background=\u00a0\u00bb#FFFFFF\u00a0\u00bb custom_text=\u00a0\u00bb#9D9D9D\u00a0\u00bb shape=\u00a0\u00bbsquare\u00a0\u00bb size=\u00a0\u00bblg\u00a0\u00bb css=\u00a0\u00bb.vc_custom_1731959022337{margin-top: 20px !important;margin-bottom: 50px !important;}\u00a0\u00bb el_class=\u00a0\u00bbbutton-yellow fw-800 btn-show-form\u00a0\u00bb link=\u00a0\u00bburl:https%3A%2F%2Fexpo-moto.ch%2Fwordpress%2Fvente-form%2F|title:Nos%20invit%C3%A9s\u00a0\u00bb][\/vc_column][\/vc_row][vc_row el_class=\u00a0\u00bbsite-container content-visit\u00a0\u00bb][vc_column width=\u00a0\u00bb1\/3&Prime; css=\u00a0\u00bb.vc_custom_1728295818330{padding-right: 50px !important;padding-left: 0px !important;}\u00a0\u00bb el_class=\u00a0\u00bbcontent-visit-col\u00a0\u00bb][vc_custom_heading text=\u00a0\u00bbNos invit\u00e9s\u00a0\u00bb font_container=\u00a0\u00bbtag:p|font_size:26px|text_align:left|color:%232B2E34|line_height:44px\u00a0\u00bb use_theme_fonts=\u00a0\u00bbyes\u00a0\u00bb css=\u00a0\u00bb.vc_custom_1731259092143{margin-bottom: 0px !important;}\u00a0\u00bb el_class=\u00a0\u00bbfw-800 text-upper title-26 text-24-tablet\u00a0\u00bb][vc_custom_heading text=\u00a0\u00bb\u2022 Lennart \u00c5strand \u2013 Un voyageur hors du commun qui parcourt la route de la Suisse \u00e0 la Tha\u00eflande<br \/>\n\u2022 Pascal Boland &amp; Evy Bourre &#8211; Side-car F1,<br \/>\n\u2022 Alexandre Vaudan \u2013 pilote valaisan du Dakar<br \/>\n\u2022 Nolan Knobel &#8211; Jeune pilote de cross de 13 ans<br \/>\n\u2022 Association de motards \u00ab Les Templiers \u00bb ayant pour objectif la protection des enfants abus\u00e9s, maltrait\u00e9s et harcel\u00e9s<br \/>\n\u2022 Team Edelweiss Racing Rallye Raid<br \/>\n\u2022 Norton club de Gen\u00e8ve<br \/>\n\u2022 Swiss Moto<br \/>\n\u2022 FMVs\u00a0\u00bb font_container=\u00a0\u00bbtag:p|font_size:24px|text_align:left|color:%232B2E34|line_height:44px\u00a0\u00bb use_theme_fonts=\u00a0\u00bbyes\u00a0\u00bb css=\u00a0\u00bb.vc_custom_1743024289748{margin-bottom: 20px !important;}\u00a0\u00bb el_class=\u00a0\u00bbfw-500 text-normal\u00a0\u00bb][\/vc_column][vc_column width=\u00a0\u00bb1\/3&Prime; css=\u00a0\u00bb.vc_custom_1727682895961{margin-right: 30px !important;}\u00a0\u00bb el_class=\u00a0\u00bbcontent-visit-col\u00a0\u00bb][vc_custom_heading text=\u00a0\u00bb\u00a0\u00bb font_container=\u00a0\u00bbtag:p|font_size:26px|text_align:left|color:%232B2E34|line_height:44px\u00a0\u00bb use_theme_fonts=\u00a0\u00bbyes\u00a0\u00bb css=\u00a0\u00bb.vc_custom_1735908523001{margin-bottom: 0px !important;}\u00a0\u00bb el_class=\u00a0\u00bbfw-800 text-upper title-26 text-24-tablet\u00a0\u00bb][vc_row_inner css=\u00a0\u00bb.vc_custom_1727687884681{margin-top: 0px !important;margin-right: 0px !important;margin-bottom: 0px !important;margin-left: 0px !important;padding-top: 0px !important;padding-bottom: 0px !important;}\u00a0\u00bb el_class=\u00a0\u00bbbox-time\u00a0\u00bb][vc_column_inner el_class=\u00a0\u00bbbox-time-left\u00a0\u00bb width=\u00a0\u00bb1\/4&Prime; css=\u00a0\u00bb.vc_custom_1727687603969{margin-right: 20px !important;padding-top: 0px !important;padding-right: 0px !important;padding-bottom: 0px !important;padding-left: 0px !important;}\u00a0\u00bb][\/vc_column_inner][vc_column_inner el_class=\u00a0\u00bbbox-time-right\u00a0\u00bb width=\u00a0\u00bb3\/4&Prime; css=\u00a0\u00bb.vc_custom_1727687683329{padding-top: 0px !important;padding-right: 0px !important;padding-bottom: 0px !important;padding-left: 0px !important;}\u00a0\u00bb][\/vc_column_inner][\/vc_row_inner][vc_row_inner css=\u00a0\u00bb.vc_custom_1727687949769{margin-right: 0px !important;margin-left: 0px !important;padding-top: 0px !important;padding-right: 0px !important;padding-bottom: 0px !important;padding-left: 0px !important;}\u00a0\u00bb el_class=\u00a0\u00bbbox-time\u00a0\u00bb][vc_column_inner el_class=\u00a0\u00bbbox-time-left\u00a0\u00bb width=\u00a0\u00bb1\/4&Prime; css=\u00a0\u00bb.vc_custom_1727687675656{margin-right: 20px !important;padding-top: 0px !important;padding-right: 0px !important;padding-bottom: 0px !important;padding-left: 0px !important;}\u00a0\u00bb][\/vc_column_inner][vc_column_inner el_class=\u00a0\u00bbbox-time-right\u00a0\u00bb width=\u00a0\u00bb3\/4&Prime; css=\u00a0\u00bb.vc_custom_1727687692656{padding-top: 0px !important;padding-right: 0px !important;padding-bottom: 0px !important;padding-left: 0px !important;}\u00a0\u00bb][\/vc_column_inner][\/vc_row_inner][vc_row_inner css=\u00a0\u00bb.vc_custom_1727687963361{margin-right: 0px !important;margin-left: 0px !important;}\u00a0\u00bb el_class=\u00a0\u00bbbox-time\u00a0\u00bb][vc_column_inner el_class=\u00a0\u00bbbox-time-left\u00a0\u00bb width=\u00a0\u00bb1\/4&Prime; css=\u00a0\u00bb.vc_custom_1727687701552{margin-right: 20px !important;padding-top: 0px !important;padding-right: 0px !important;padding-bottom: 0px !important;padding-left: 0px !important;}\u00a0\u00bb][\/vc_column_inner][vc_column_inner el_class=\u00a0\u00bbbox-time-right\u00a0\u00bb width=\u00a0\u00bb3\/4&Prime; css=\u00a0\u00bb.vc_custom_1727687711344{padding-top: 0px !important;padding-right: 0px !important;padding-bottom: 0px !important;padding-left: 0px !important;}\u00a0\u00bb][\/vc_column_inner][\/vc_row_inner][\/vc_column][vc_column width=\u00a0\u00bb1\/3&Prime; el_class=\u00a0\u00bbcontent-visit-col\u00a0\u00bb][vc_custom_heading text=\u00a0\u00bb\u00a0\u00bb font_container=\u00a0\u00bbtag:p|font_size:26px|text_align:left|color:%232B2E34|line_height:44px\u00a0\u00bb use_theme_fonts=\u00a0\u00bbyes\u00a0\u00bb css=\u00a0\u00bb.vc_custom_1735908526677{margin-bottom: 0px !important;}\u00a0\u00bb el_class=\u00a0\u00bbfw-800 text-upper title-26 text-24-tablet\u00a0\u00bb][vc_row_inner css=\u00a0\u00bb.vc_custom_1727687974952{margin-top: 0px !important;margin-right: 0px !important;margin-bottom: 0px !important;margin-left: 0px !important;padding-top: 0px !important;padding-bottom: 0px !important;}\u00a0\u00bb el_class=\u00a0\u00bbbox-time\u00a0\u00bb][vc_column_inner el_class=\u00a0\u00bbbox-time-left\u00a0\u00bb width=\u00a0\u00bb1\/4&Prime; css=\u00a0\u00bb.vc_custom_1727687738720{margin-right: 20px !important;padding-top: 0px !important;padding-right: 0px !important;padding-bottom: 0px !important;padding-left: 0px !important;}\u00a0\u00bb][\/vc_column_inner][vc_column_inner el_class=\u00a0\u00bbbox-time-right\u00a0\u00bb width=\u00a0\u00bb3\/4&Prime; css=\u00a0\u00bb.vc_custom_1727687747368{padding-top: 0px !important;padding-right: 0px !important;padding-bottom: 0px !important;padding-left: 0px !important;}\u00a0\u00bb][\/vc_column_inner][\/vc_row_inner][vc_row_inner css=\u00a0\u00bb.vc_custom_1727687982512{margin-right: 0px !important;margin-left: 0px !important;}\u00a0\u00bb el_class=\u00a0\u00bbbox-time\u00a0\u00bb][vc_column_inner el_class=\u00a0\u00bbbox-time-left\u00a0\u00bb width=\u00a0\u00bb1\/4&Prime; css=\u00a0\u00bb.vc_custom_1727687762993{margin-right: 20px !important;padding-top: 0px !important;padding-right: 0px !important;padding-bottom: 0px !important;padding-left: 0px !important;}\u00a0\u00bb][\/vc_column_inner][vc_column_inner el_class=\u00a0\u00bbbox-time-right\u00a0\u00bb width=\u00a0\u00bb3\/4&Prime; css=\u00a0\u00bb.vc_custom_1727687788120{padding-top: 0px !important;padding-right: 0px !important;padding-bottom: 0px !important;padding-left: 0px !important;}\u00a0\u00bb][\/vc_column_inner][\/vc_row_inner][vc_row_inner css=\u00a0\u00bb.vc_custom_1727688152257{margin-right: 0px !important;margin-left: 0px !important;}\u00a0\u00bb el_class=\u00a0\u00bbbox-time\u00a0\u00bb][vc_column_inner el_class=\u00a0\u00bbbox-time-left\u00a0\u00bb width=\u00a0\u00bb1\/4&Prime; css=\u00a0\u00bb.vc_custom_1727687818353{margin-right: 20px !important;padding-top: 0px !important;padding-right: 0px !important;padding-bottom: 0px !important;padding-left: 0px !important;}\u00a0\u00bb][\/vc_column_inner][vc_column_inner el_class=\u00a0\u00bbbox-time-right\u00a0\u00bb width=\u00a0\u00bb3\/4&Prime; css=\u00a0\u00bb.vc_custom_1727687807441{padding-top: 0px !important;padding-right: 0px !important;padding-bottom: 0px !important;padding-left: 0px !important;}\u00a0\u00bb][\/vc_column_inner][\/vc_row_inner][\/vc_column][\/vc_row][vc_row el_class=\u00a0\u00bbsite-container content-visit-2&Prime; css=\u00a0\u00bb.vc_custom_1727685690886{margin-bottom: 110px !important;}\u00a0\u00bb][vc_column width=\u00a0\u00bb1\/2&Prime; css=\u00a0\u00bb.vc_custom_1727683072823{padding-right: 0px !important;padding-left: 0px !important;}\u00a0\u00bb el_class=\u00a0\u00bbvisit-content-left\u00a0\u00bb][vc_gmaps link=\u00a0\u00bb#E-8_JTNDaWZyYW1lJTIwc3JjJTNEJTIyaHR0cHMlM0ElMkYlMkZ3d3cuZ29vZ2xlLmNvbSUyRm1hcHMlMkZlbWJlZCUzRnBiJTNEJTIxMW0xOCUyMTFtMTIlMjExbTMlMjExZDI3NjYuNjM4NDgxNDk0NzMzMiUyMTJkNy4wNzU0NDk3NzY3MjkxMTY1JTIxM2Q0Ni4wOTgxODMwOTA5MTQ5NjUlMjEybTMlMjExZjAlMjEyZjAlMjEzZjAlMjEzbTIlMjExaTEwMjQlMjEyaTc2OCUyMTRmMTMuMSUyMTNtMyUyMTFtMiUyMTFzMHg0NzhlYzljZWZiODgzZjhmJTI1M0EweDUyMzEwZTk2NmQ3YzIyMDclMjEyc0NFUk0lMjE1ZTAlMjEzbTIlMjExc2ZyJTIxMnNjaCUyMTR2MTczMTM1MDM2NzIxMCUyMTVtMiUyMTFzZnIlMjEyc2NoJTIyJTIwd2lkdGglM0QlMjI2MDAlMjIlMjBoZWlnaHQlM0QlMjI0NTAlMjIlMjBzdHlsZSUzRCUyMmJvcmRlciUzQTAlM0IlMjIlMjBhbGxvd2Z1bGxzY3JlZW4lM0QlMjIlMjIlMjBsb2FkaW5nJTNEJTIybGF6eSUyMiUyMHJlZmVycmVycG9saWN5JTNEJTIybm8tcmVmZXJyZXItd2hlbi1kb3duZ3JhZGUlMjIlM0UlM0MlMkZpZnJhbWUlM0U=\u00a0\u00bb css=\u00a0\u00bb\u00a0\u00bb][\/vc_column][vc_column width=\u00a0\u00bb1\/2&Prime; el_class=\u00a0\u00bbvisit-content-right\u00a0\u00bb][vc_row_inner css=\u00a0\u00bb.vc_custom_1727685834475{margin-top: 0px !important;margin-right: 0px !important;margin-bottom: 0px !important;margin-left: 0px !important;padding-top: 0px !important;padding-right: 0px !important;padding-bottom: 0px !important;padding-left: 0px !important;border-color: #FFFFFF !important;}\u00a0\u00bb][vc_column_inner el_class=\u00a0\u00bbbox-border\u00a0\u00bb css=\u00a0\u00bb.vc_custom_1727686620373{margin-top: 0px !important;margin-right: 0px !important;margin-bottom: 0px !important;margin-left: 0px !important;padding-top: 0px !important;padding-right: 0px !important;padding-bottom: 0px !important;padding-left: 0px !important;}\u00a0\u00bb][vc_custom_heading text=\u00a0\u00bbInfos pratiques\u00a0\u00bb font_container=\u00a0\u00bbtag:p|font_size:26px|text_align:left|color:%232B2E34|line_height:44px\u00a0\u00bb use_theme_fonts=\u00a0\u00bbyes\u00a0\u00bb css=\u00a0\u00bb.vc_custom_1727689332488{margin-bottom: 40px !important;}\u00a0\u00bb el_class=\u00a0\u00bbfw-800 text-upper title-26 text-24-tablet\u00a0\u00bb][vc_custom_heading text=\u00a0\u00bbVoiture :<br \/>\nSortie d\u2019autoroute : Martigny Expo<br \/>\npuis suivre les panneaux indicatifs.\u00a0\u00bb font_container=\u00a0\u00bbtag:p|font_size:24px|text_align:left|color:%232B2E34|line_height:44px\u00a0\u00bb use_theme_fonts=\u00a0\u00bbyes\u00a0\u00bb css=\u00a0\u00bb\u00a0\u00bb el_class=\u00a0\u00bbfw-500 text-normal\u00a0\u00bb][vc_custom_heading text=\u00a0\u00bbLes parkings du CERM sont \u00e0<br \/>\nvotre disposition gratuitement.\u00a0\u00bb font_container=\u00a0\u00bbtag:p|font_size:24px|text_align:left|color:%232B2E34|line_height:44px\u00a0\u00bb use_theme_fonts=\u00a0\u00bbyes\u00a0\u00bb css=\u00a0\u00bb.vc_custom_1727686308829{margin-bottom: 0px !important;}\u00a0\u00bb el_class=\u00a0\u00bbfw-500 text-normal\u00a0\u00bb][\/vc_column_inner][vc_column_inner][\/vc_column_inner][\/vc_row_inner][\/vc_column][\/vc_row]<\/p>\n<\/div>","protected":false},"excerpt":{"rendered":"<p>[vc_row full_width=\u00a0\u00bbstretch_row\u00a0\u00bb css=\u00a0\u00bb.vc_custom_1727455932728{margin-right: 0px !important;margin-left: 0px !important;padding-right: 0px !important;padding-left: 0px !important;}\u00a0\u00bb][vc_column css=\u00a0\u00bb.vc_custom_1727445378329{margin-right: 0px !important;margin-left: 0px !important;padding-right: 0px !important;padding-left: 0px !important;}\u00a0\u00bb][vc_single_image image=\u00a0\u00bb1155&Prime; img_size=\u00a0\u00bbfull\u00a0\u00bb css_animation=\u00a0\u00bbfadeIn\u00a0\u00bb css=\u00a0\u00bb.vc_custom_1731250669918{margin-right: 0px !important;margin-bottom: 0px !important;margin-left: 0px !important;padding-right: 0px !important;padding-left: 0px !important;}\u00a0\u00bb el_class=\u00a0\u00bbbanner-img\u00a0\u00bb][\/vc_column][\/vc_row][vc_row el_class=\u00a0\u00bbsite-container extra-title-container\u00a0\u00bb][vc_column width=\u00a0\u00bb1\/2&Prime; css=\u00a0\u00bb.vc_custom_1727450317230{padding-right: 0px !important;padding-left: 0px !important;}\u00a0\u00bb][vc_custom_heading text=\u00a0\u00bbVenir visiter l\u2019expo\u00a0\u00bb font_container=\u00a0\u00bbtag:h1|font_size:48|text_align:left|color:%23FFFFFF|line_height:90px\u00a0\u00bb use_theme_fonts=\u00a0\u00bbyes\u00a0\u00bb css=\u00a0\u00bb\u00a0\u00bb el_class=\u00a0\u00bbfw-900 extra-title\u00a0\u00bb][\/vc_column][vc_column width=\u00a0\u00bb1\/2&Prime;][\/vc_column][\/vc_row][vc_row el_class=\u00a0\u00bbsite-container content-visit\u00a0\u00bb][vc_column width=\u00a0\u00bb1\/2&Prime; [&hellip;]<\/p>\n","protected":false},"author":1,"featured_media":0,"parent":0,"menu_order":0,"comment_status":"closed","ping_status":"closed","template":"","meta":{"_acf_changed":false,"footnotes":""},"class_list":["post-501","page","type-page","status-publish","hentry"],"acf":[],"_links":{"self":[{"href":"https:\/\/expo-moto.ch\/wordpress\/wp-json\/wp\/v2\/pages\/501","targetHints":{"allow":["GET"]}}],"collection":[{"href":"https:\/\/expo-moto.ch\/wordpress\/wp-json\/wp\/v2\/pages"}],"about":[{"href":"https:\/\/expo-moto.ch\/wordpress\/wp-json\/wp\/v2\/types\/page"}],"author":[{"embeddable":true,"href":"https:\/\/expo-moto.ch\/wordpress\/wp-json\/wp\/v2\/users\/1"}],"replies":[{"embeddable":true,"href":"https:\/\/expo-moto.ch\/wordpress\/wp-json\/wp\/v2\/comments?post=501"}],"version-history":[{"count":72,"href":"https:\/\/expo-moto.ch\/wordpress\/wp-json\/wp\/v2\/pages\/501\/revisions"}],"predecessor-version":[{"id":1436,"href":"https:\/\/expo-moto.ch\/wordpress\/wp-json\/wp\/v2\/pages\/501\/revisions\/1436"}],"wp:attachment":[{"href":"https:\/\/expo-moto.ch\/wordpress\/wp-json\/wp\/v2\/media?parent=501"}],"curies":[{"name":"wp","href":"https:\/\/api.w.org\/{rel}","templated":true}]}}