{"id":499,"date":"2024-09-27T12:06:28","date_gmt":"2024-09-27T10:06:28","guid":{"rendered":"https:\/\/expo-moto.ch\/wordpress\/?page_id=499"},"modified":"2024-11-11T19:38:00","modified_gmt":"2024-11-11T18:38:00","slug":"exposer","status":"publish","type":"page","link":"https:\/\/expo-moto.ch\/wordpress\/exposer\/","title":{"rendered":"Exposer"},"content":{"rendered":"<div class=\"wpb-content-wrapper\"><p>[vc_row full_width=\u00a0\u00bbstretch_row\u00a0\u00bb css=\u00a0\u00bb.vc_custom_1727455932728{margin-right: 0px !important;margin-left: 0px !important;padding-right: 0px !important;padding-left: 0px !important;}\u00a0\u00bb][vc_column css=\u00a0\u00bb.vc_custom_1727445378329{margin-right: 0px !important;margin-left: 0px !important;padding-right: 0px !important;padding-left: 0px !important;}\u00a0\u00bb][vc_single_image image=\u00a0\u00bb1162&Prime; img_size=\u00a0\u00bbfull\u00a0\u00bb css_animation=\u00a0\u00bbfadeIn\u00a0\u00bb css=\u00a0\u00bb.vc_custom_1731251907642{margin-right: 0px !important;margin-bottom: 0px !important;margin-left: 0px !important;padding-right: 0px !important;padding-left: 0px !important;}\u00a0\u00bb el_class=\u00a0\u00bbbanner-img\u00a0\u00bb][\/vc_column][\/vc_row][vc_row el_class=\u00a0\u00bbsite-container extra-title-container\u00a0\u00bb][vc_column css=\u00a0\u00bb.vc_custom_1727450317230{padding-right: 0px !important;padding-left: 0px !important;}\u00a0\u00bb][vc_custom_heading text=\u00a0\u00bbEXPOSER A l\u2019EXPO-MOTO C\u2018EST :\u00a0\u00bb font_container=\u00a0\u00bbtag:h1|font_size:48|text_align:left|color:%23FFFFFF|line_height:90px\u00a0\u00bb use_theme_fonts=\u00a0\u00bbyes\u00a0\u00bb css=\u00a0\u00bb\u00a0\u00bb el_class=\u00a0\u00bbfw-900 extra-title\u00a0\u00bb][\/vc_column][\/vc_row][vc_row el_class=\u00a0\u00bbsite-container content-ex\u00a0\u00bb][vc_column width=\u00a0\u00bb1\/4&Prime; css=\u00a0\u00bb.vc_custom_1727496780061{padding-right: 0px !important;padding-left: 0px !important;}\u00a0\u00bb el_class=\u00a0\u00bbex-content-left\u00a0\u00bb][vc_custom_heading text=\u00a0\u00bbRENCONTRER\u00a0\u00bb font_container=\u00a0\u00bbtag:p|font_size:32px|text_align:left|color:%232B2E34|line_height:44px\u00a0\u00bb use_theme_fonts=\u00a0\u00bbyes\u00a0\u00bb css=\u00a0\u00bb.vc_custom_1727497728660{margin-bottom: 0px !important;}\u00a0\u00bb el_class=\u00a0\u00bbfw-800 text-upper\u00a0\u00bb][vc_custom_heading text=\u00a0\u00bbde nouveaux prospects et clients\u00a0\u00bb font_container=\u00a0\u00bbtag:p|font_size:32px|text_align:left|color:%232B2E34|line_height:44px\u00a0\u00bb use_theme_fonts=\u00a0\u00bbyes\u00a0\u00bb css=\u00a0\u00bb.vc_custom_1727497745228{margin-bottom: 20px !important;}\u00a0\u00bb el_class=\u00a0\u00bbfw-500&Prime;][vc_custom_heading text=\u00a0\u00bb\u00eaTRE PRESENT\u00a0\u00bb font_container=\u00a0\u00bbtag:p|font_size:32px|text_align:left|color:%232B2E34|line_height:44px\u00a0\u00bb use_theme_fonts=\u00a0\u00bbyes\u00a0\u00bb css=\u00a0\u00bb.vc_custom_1727497773091{margin-bottom: 0px !important;}\u00a0\u00bb el_class=\u00a0\u00bbfw-800 text-upper\u00a0\u00bb][vc_custom_heading text=\u00a0\u00bbsur le salon le plus important de Suisse romande d\u00e9di\u00e9 \u00e0 la moto\u00a0\u00bb font_container=\u00a0\u00bbtag:p|font_size:32px|text_align:left|color:%232B2E34|line_height:44px\u00a0\u00bb use_theme_fonts=\u00a0\u00bbyes\u00a0\u00bb css=\u00a0\u00bb.vc_custom_1727497788132{margin-bottom: 20px !important;}\u00a0\u00bb el_class=\u00a0\u00bbfw-500&Prime;][vc_custom_heading text=\u00a0\u00bbGENERER\u00a0\u00bb font_container=\u00a0\u00bbtag:p|font_size:32px|text_align:left|color:%232B2E34|line_height:44px\u00a0\u00bb use_theme_fonts=\u00a0\u00bbyes\u00a0\u00bb css=\u00a0\u00bb.vc_custom_1727497852098{margin-bottom: 0px !important;}\u00a0\u00bb el_class=\u00a0\u00bbfw-800 text-upper\u00a0\u00bb][vc_custom_heading text=\u00a0\u00bbdes ventes et des commandes\u00a0\u00bb font_container=\u00a0\u00bbtag:p|font_size:32px|text_align:left|color:%232B2E34|line_height:44px\u00a0\u00bb use_theme_fonts=\u00a0\u00bbyes\u00a0\u00bb css=\u00a0\u00bb.vc_custom_1727497862436{margin-bottom: 0px !important;}\u00a0\u00bb el_class=\u00a0\u00bbfw-500&Prime;][vc_custom_heading text=\u00a0\u00bbFIDELISER\u00a0\u00bb font_container=\u00a0\u00bbtag:p|font_size:32px|text_align:left|color:%232B2E34|line_height:44px\u00a0\u00bb use_theme_fonts=\u00a0\u00bbyes\u00a0\u00bb css=\u00a0\u00bb.vc_custom_1727497872723{margin-bottom: 20px !important;}\u00a0\u00bb el_class=\u00a0\u00bbfw-800 text-upper\u00a0\u00bb][vc_custom_heading text=\u00a0\u00bbvos clients existants en les invitant sur votre stand\u00a0\u00bb font_container=\u00a0\u00bbtag:p|font_size:32px|text_align:left|color:%232B2E34|line_height:44px\u00a0\u00bb use_theme_fonts=\u00a0\u00bbyes\u00a0\u00bb css=\u00a0\u00bb.vc_custom_1727497889667{margin-bottom: 20px !important;}\u00a0\u00bb el_class=\u00a0\u00bbfw-500&Prime;][\/vc_column][vc_column width=\u00a0\u00bb3\/4&Prime; el_class=\u00a0\u00bbex-content-right\u00a0\u00bb css=\u00a0\u00bb.vc_custom_1727496786283{margin-right: 0px !important;margin-left: 0px !important;padding-right: 0px !important;padding-left: 0px !important;}\u00a0\u00bb][vc_custom_heading text=\u00a0\u00bbVenez d\u00e9couvrir tous les participants :\u00a0\u00bb font_container=\u00a0\u00bbtag:p|font_size:26|text_align:left|color:%232B2E34|line_height:44px\u00a0\u00bb use_theme_fonts=\u00a0\u00bbyes\u00a0\u00bb css=\u00a0\u00bb.vc_custom_1731347831825{margin-bottom: 0px !important;}\u00a0\u00bb el_class=\u00a0\u00bbfw-800 text-upper\u00a0\u00bb][vc_btn title=\u00a0\u00bbNos exposants\u00a0\u00bb style=\u00a0\u00bbcustom\u00a0\u00bb custom_background=\u00a0\u00bb#FFFFFF\u00a0\u00bb custom_text=\u00a0\u00bb#9D9D9D\u00a0\u00bb shape=\u00a0\u00bbsquare\u00a0\u00bb size=\u00a0\u00bblg\u00a0\u00bb css=\u00a0\u00bb.vc_custom_1731347922393{margin-top: 20px !important;margin-bottom: 50px !important;}\u00a0\u00bb el_class=\u00a0\u00bbbutton-yellow fw-800 btn-show-form\u00a0\u00bb link=\u00a0\u00bburl:https%3A%2F%2Fexpo-moto.ch%2Fwordpress%2Ffr%2Fnos-exposants%2F\u00a0\u00bb][vc_custom_heading text=\u00a0\u00bbformulaire d\u2019inscription\u00a0\u00bb font_container=\u00a0\u00bbtag:p|font_size:26|text_align:left|color:%232B2E34|line_height:44px\u00a0\u00bb use_theme_fonts=\u00a0\u00bbyes\u00a0\u00bb css=\u00a0\u00bb.vc_custom_1727497277316{margin-bottom: 0px !important;padding-bottom: 0px !important;}\u00a0\u00bb el_class=\u00a0\u00bbfw-800 text-upper\u00a0\u00bb][vc_btn title=\u00a0\u00bbInscription\u00a0\u00bb style=\u00a0\u00bbcustom\u00a0\u00bb custom_background=\u00a0\u00bb#FFFFFF\u00a0\u00bb custom_text=\u00a0\u00bb#9D9D9D\u00a0\u00bb shape=\u00a0\u00bbsquare\u00a0\u00bb size=\u00a0\u00bblg\u00a0\u00bb css=\u00a0\u00bb.vc_custom_1728296824696{margin-top: 20px !important;margin-bottom: 50px !important;}\u00a0\u00bb el_class=\u00a0\u00bbbutton-yellow fw-800 btn-show-form\u00a0\u00bb link=\u00a0\u00bburl:https%3A%2F%2Fexpo-moto.ch%2Fwordpress%2Finscription-form%2F\u00a0\u00bb el_id=\u00a0\u00bbshow-form-btn-1&Prime;][vc_custom_heading text=\u00a0\u00bbConditions g\u00e9n\u00e9rales :\u00a0\u00bb font_container=\u00a0\u00bbtag:p|font_size:26|text_align:left|color:%232B2E34|line_height:44px\u00a0\u00bb use_theme_fonts=\u00a0\u00bbyes\u00a0\u00bb css=\u00a0\u00bb.vc_custom_1731257644455{margin-bottom: 0px !important;}\u00a0\u00bb el_class=\u00a0\u00bbfw-800 text-upper\u00a0\u00bb][vc_btn title=\u00a0\u00bbR\u00e8glement\u00a0\u00bb style=\u00a0\u00bbcustom\u00a0\u00bb custom_background=\u00a0\u00bb#FFFFFF\u00a0\u00bb custom_text=\u00a0\u00bb#9D9D9D\u00a0\u00bb shape=\u00a0\u00bbsquare\u00a0\u00bb size=\u00a0\u00bblg\u00a0\u00bb css=\u00a0\u00bb.vc_custom_1731350281058{margin-top: 20px !important;margin-bottom: 50px !important;}\u00a0\u00bb el_class=\u00a0\u00bbbutton-yellow fw-800&Prime; link=\u00a0\u00bburl:https%3A%2F%2Fexpo-moto.ch%2Fwordpress%2Freglements%2F\u00a0\u00bb][\/vc_column][\/vc_row][vc_row el_class=\u00a0\u00bbsite-container content-ex animation-row\u00a0\u00bb][vc_column css=\u00a0\u00bb.vc_custom_1727668161269{padding-right: 0px !important;padding-left: 0px !important;}\u00a0\u00bb el_class=\u00a0\u00bbtext-20-mb\u00a0\u00bb][vc_custom_heading text=\u00a0\u00bbANIMATIONS\u00a0\u00bb font_container=\u00a0\u00bbtag:p|font_size:26px|text_align:left|color:%232B2E34|line_height:44px\u00a0\u00bb use_theme_fonts=\u00a0\u00bbyes\u00a0\u00bb css=\u00a0\u00bb.vc_custom_1727658310923{margin-bottom: 0px !important;}\u00a0\u00bb el_class=\u00a0\u00bbfw-800 text-upper\u00a0\u00bb][vc_custom_heading text=\u00a0\u00bbLe Club Motoris\u00e9 de Martigny, organisateur de l\u2019\u00e9v\u00e9nement, va mettre en avant pour l&rsquo;ann\u00e9e 2025, les 30ans de cette manifestation.<br \/>\nVenez vivre et retracer les 16 \u00e9ditions au tour d&rsquo;histoire et de photos des ann\u00e9es pr\u00e9c\u00e9dentes !\u00a0\u00bb font_container=\u00a0\u00bbtag:p|font_size:24px|text_align:left|color:%232B2E34|line_height:44px\u00a0\u00bb use_theme_fonts=\u00a0\u00bbyes\u00a0\u00bb css=\u00a0\u00bb.vc_custom_1731257060526{margin-bottom: 20px !important;}\u00a0\u00bb el_class=\u00a0\u00bbfw-500&Prime;][\/vc_column][\/vc_row][vc_row el_class=\u00a0\u00bbsite-container content-ex ex-match\u00a0\u00bb css=\u00a0\u00bb.vc_custom_1727663805087{margin-top: 94px !important;margin-bottom: 112px !important;}\u00a0\u00bb][vc_column width=\u00a0\u00bb1\/3&Prime; el_class=\u00a0\u00bbex-match-item text-24-tablet column-infor\u00a0\u00bb css=\u00a0\u00bb.vc_custom_1727679190655{padding-top: 0px !important;padding-right: 0px !important;padding-left: 0px !important;}\u00a0\u00bb][vc_custom_heading text=\u00a0\u00bbInformations\u00a0\u00bb font_container=\u00a0\u00bbtag:p|font_size:32px|text_align:left|color:%232B2E34|line_height:44px\u00a0\u00bb use_theme_fonts=\u00a0\u00bbyes\u00a0\u00bb css=\u00a0\u00bb.vc_custom_1727665952456{margin-bottom: 0px !important;}\u00a0\u00bb el_class=\u00a0\u00bbfw-800 text-upper\u00a0\u00bb][vc_custom_heading text=\u00a0\u00bbPratiques :\u00a0\u00bb font_container=\u00a0\u00bbtag:p|font_size:32px|text_align:left|color:%232B2E34|line_height:44px\u00a0\u00bb use_theme_fonts=\u00a0\u00bbyes\u00a0\u00bb css=\u00a0\u00bb.vc_custom_1727665944256{margin-bottom: 0px !important;}\u00a0\u00bb el_class=\u00a0\u00bbfw-800 text-upper\u00a0\u00bb][\/vc_column][vc_column width=\u00a0\u00bb1\/3&Prime; el_class=\u00a0\u00bbex-match-item text-24-tablet column-infor\u00a0\u00bb css=\u00a0\u00bb.vc_custom_1727679201550{padding-top: 0px !important;padding-right: 0px !important;padding-left: 0px !important;}\u00a0\u00bb][vc_custom_heading text=\u00a0\u00bbVendredi\u00a0\u00bb font_container=\u00a0\u00bbtag:p|font_size:32px|text_align:left|color:%232B2E34|line_height:44px\u00a0\u00bb use_theme_fonts=\u00a0\u00bbyes\u00a0\u00bb css=\u00a0\u00bb.vc_custom_1727665924704{margin-bottom: 0px !important;}\u00a0\u00bb el_class=\u00a0\u00bbfw-800 text-upper\u00a0\u00bb][vc_custom_heading text=\u00a0\u00bbMontage\u00a0\u00bb font_container=\u00a0\u00bbtag:p|font_size:32px|text_align:left|color:%232B2E34|line_height:44px\u00a0\u00bb use_theme_fonts=\u00a0\u00bbyes\u00a0\u00bb css=\u00a0\u00bb.vc_custom_1727665932728{margin-bottom: 0px !important;}\u00a0\u00bb el_class=\u00a0\u00bbfw-800 text-upper\u00a0\u00bb][vc_custom_heading text=\u00a0\u00bb8h &#8211; 22h\u00a0\u00bb font_container=\u00a0\u00bbtag:p|font_size:32px|text_align:left|color:%232B2E34|line_height:44px\u00a0\u00bb use_theme_fonts=\u00a0\u00bbyes\u00a0\u00bb css=\u00a0\u00bb.vc_custom_1727663572204{margin-bottom: 40px !important;}\u00a0\u00bb el_class=\u00a0\u00bbfw-500&Prime;][vc_custom_heading text=\u00a0\u00bbSamedi\u00a0\u00bb font_container=\u00a0\u00bbtag:p|font_size:32px|text_align:left|color:%232B2E34|line_height:44px\u00a0\u00bb use_theme_fonts=\u00a0\u00bbyes\u00a0\u00bb css=\u00a0\u00bb.vc_custom_1727663589507{margin-bottom: 0px !important;}\u00a0\u00bb el_class=\u00a0\u00bbfw-800 text-upper\u00a0\u00bb][vc_custom_heading text=\u00a0\u00bb8h &#8211; 9h30&Prime; font_container=\u00a0\u00bbtag:p|font_size:32px|text_align:left|color:%232B2E34|line_height:44px\u00a0\u00bb use_theme_fonts=\u00a0\u00bbyes\u00a0\u00bb css=\u00a0\u00bb.vc_custom_1727663612932{margin-bottom: 0px !important;}\u00a0\u00bb el_class=\u00a0\u00bbfw-500&Prime;][\/vc_column][vc_column width=\u00a0\u00bb1\/3&Prime; css=\u00a0\u00bb.vc_custom_1727679212526{border-right-width: 1px !important;border-left-width: 1px !important;padding-top: 0px !important;border-left-style: solid !important;border-right-style: solid !important;border-color: #FFBD30 !important;}\u00a0\u00bb el_class=\u00a0\u00bbex-match-item text-24-tablet demon-column column-infor\u00a0\u00bb][vc_custom_heading text=\u00a0\u00bbD\u00e9montage\u00a0\u00bb font_container=\u00a0\u00bbtag:p|font_size:32px|text_align:left|color:%232B2E34|line_height:44px\u00a0\u00bb use_theme_fonts=\u00a0\u00bbyes\u00a0\u00bb css=\u00a0\u00bb.vc_custom_1727663705732{margin-bottom: 0px !important;}\u00a0\u00bb el_class=\u00a0\u00bbfw-800 text-upper\u00a0\u00bb][vc_custom_heading text=\u00a0\u00bbDimanche\u00a0\u00bb font_container=\u00a0\u00bbtag:p|font_size:32px|text_align:left|color:%232B2E34|line_height:44px\u00a0\u00bb use_theme_fonts=\u00a0\u00bbyes\u00a0\u00bb css=\u00a0\u00bb.vc_custom_1727663661395{margin-bottom: 0px !important;}\u00a0\u00bb el_class=\u00a0\u00bbfw-800 text-upper\u00a0\u00bb][vc_custom_heading text=\u00a0\u00bbd\u00e8s 18h\u00a0\u00bb font_container=\u00a0\u00bbtag:p|font_size:32px|text_align:left|color:%232B2E34|line_height:44px\u00a0\u00bb use_theme_fonts=\u00a0\u00bbyes\u00a0\u00bb css=\u00a0\u00bb.vc_custom_1727663669340{margin-bottom: 40px !important;}\u00a0\u00bb el_class=\u00a0\u00bbfw-500&Prime;][\/vc_column][\/vc_row]<\/p>\n<\/div>","protected":false},"excerpt":{"rendered":"<p>[vc_row full_width=\u00a0\u00bbstretch_row\u00a0\u00bb css=\u00a0\u00bb.vc_custom_1727455932728{margin-right: 0px !important;margin-left: 0px !important;padding-right: 0px !important;padding-left: 0px !important;}\u00a0\u00bb][vc_column css=\u00a0\u00bb.vc_custom_1727445378329{margin-right: 0px !important;margin-left: 0px !important;padding-right: 0px !important;padding-left: 0px !important;}\u00a0\u00bb][vc_single_image image=\u00a0\u00bb1162&Prime; img_size=\u00a0\u00bbfull\u00a0\u00bb css_animation=\u00a0\u00bbfadeIn\u00a0\u00bb css=\u00a0\u00bb.vc_custom_1731251907642{margin-right: 0px !important;margin-bottom: 0px !important;margin-left: 0px !important;padding-right: 0px !important;padding-left: 0px !important;}\u00a0\u00bb el_class=\u00a0\u00bbbanner-img\u00a0\u00bb][\/vc_column][\/vc_row][vc_row el_class=\u00a0\u00bbsite-container extra-title-container\u00a0\u00bb][vc_column css=\u00a0\u00bb.vc_custom_1727450317230{padding-right: 0px !important;padding-left: 0px !important;}\u00a0\u00bb][vc_custom_heading text=\u00a0\u00bbEXPOSER A l\u2019EXPO-MOTO C\u2018EST :\u00a0\u00bb font_container=\u00a0\u00bbtag:h1|font_size:48|text_align:left|color:%23FFFFFF|line_height:90px\u00a0\u00bb use_theme_fonts=\u00a0\u00bbyes\u00a0\u00bb css=\u00a0\u00bb\u00a0\u00bb el_class=\u00a0\u00bbfw-900 extra-title\u00a0\u00bb][\/vc_column][\/vc_row][vc_row el_class=\u00a0\u00bbsite-container content-ex\u00a0\u00bb][vc_column width=\u00a0\u00bb1\/4&Prime; [&hellip;]<\/p>\n","protected":false},"author":1,"featured_media":0,"parent":0,"menu_order":0,"comment_status":"closed","ping_status":"closed","template":"","meta":{"_acf_changed":false,"footnotes":""},"class_list":["post-499","page","type-page","status-publish","hentry"],"acf":[],"_links":{"self":[{"href":"https:\/\/expo-moto.ch\/wordpress\/wp-json\/wp\/v2\/pages\/499","targetHints":{"allow":["GET"]}}],"collection":[{"href":"https:\/\/expo-moto.ch\/wordpress\/wp-json\/wp\/v2\/pages"}],"about":[{"href":"https:\/\/expo-moto.ch\/wordpress\/wp-json\/wp\/v2\/types\/page"}],"author":[{"embeddable":true,"href":"https:\/\/expo-moto.ch\/wordpress\/wp-json\/wp\/v2\/users\/1"}],"replies":[{"embeddable":true,"href":"https:\/\/expo-moto.ch\/wordpress\/wp-json\/wp\/v2\/comments?post=499"}],"version-history":[{"count":55,"href":"https:\/\/expo-moto.ch\/wordpress\/wp-json\/wp\/v2\/pages\/499\/revisions"}],"predecessor-version":[{"id":1194,"href":"https:\/\/expo-moto.ch\/wordpress\/wp-json\/wp\/v2\/pages\/499\/revisions\/1194"}],"wp:attachment":[{"href":"https:\/\/expo-moto.ch\/wordpress\/wp-json\/wp\/v2\/media?parent=499"}],"curies":[{"name":"wp","href":"https:\/\/api.w.org\/{rel}","templated":true}]}}