{"id":1190,"date":"2024-11-11T19:36:17","date_gmt":"2024-11-11T18:36:17","guid":{"rendered":"https:\/\/expo-moto.ch\/wordpress\/?page_id=1190"},"modified":"2024-11-11T19:36:17","modified_gmt":"2024-11-11T18:36:17","slug":"reglements","status":"publish","type":"page","link":"https:\/\/expo-moto.ch\/wordpress\/reglements\/","title":{"rendered":"R\u00e8glements"},"content":{"rendered":"<div class=\"wpb-content-wrapper\"><p>[vc_row el_class=\u00a0\u00bbsite-container content-brand\u00a0\u00bb css=\u00a0\u00bb.vc_custom_1727771539443{border-color: #FFBD30 !important;}\u00a0\u00bb][vc_column css=\u00a0\u00bb.vc_custom_1727668271128{border-top-width: 1px !important;border-right-width: 1px !important;border-bottom-width: 1px !important;border-left-width: 1px !important;padding-top: 19px !important;padding-right: 20px !important;padding-bottom: 28px !important;padding-left: 20px !important;border-left-style: solid !important;border-right-style: solid !important;border-top-style: solid !important;border-bottom-style: solid !important;border-color: #EEEE22 !important;}\u00a0\u00bb el_class=\u00a0\u00bbtext-24-tablet text-20-mb\u00a0\u00bb][vc_row_inner css=\u00a0\u00bb.vc_custom_1727774333863{margin-top: 0px !important;margin-bottom: 0px !important;padding-top: 0px !important;padding-bottom: 0px !important;}\u00a0\u00bb][vc_column_inner css=\u00a0\u00bb.vc_custom_1727774349927{margin-top: 0px !important;margin-bottom: 0px !important;border-top-width: 0px !important;padding-top: 0px !important;padding-bottom: 0px !important;}\u00a0\u00bb][vc_custom_heading text=\u00a0\u00bbLe r\u00e8glements pour les exposants :\u00a0\u00bb font_container=\u00a0\u00bbtag:h1|font_size:32px|text_align:center|color:%232B2E34|line_height:39px\u00a0\u00bb use_theme_fonts=\u00a0\u00bbyes\u00a0\u00bb css=\u00a0\u00bb.vc_custom_1731349992856{padding-bottom: 40px !important;}\u00a0\u00bb el_class=\u00a0\u00bbfw-800 text-upper\u00a0\u00bb][\/vc_column_inner][\/vc_row_inner][vc_column_text css=\u00a0\u00bb\u00a0\u00bb]<strong>\u2022 Article 1 :<\/strong> Il est convenu ce qui suit :<\/p>\n<p>La raison sociale cit\u00e9e dans le pr\u00e9sent contrat d\u2019engagement s\u2019engage \u00e0 exposer les produits d\u00e9sign\u00e9s ci-dessus, le samedi 29 mars 2025 de 10h00 \u00e0 20h00 et le dimanche 30 mars 2025 de 10h00 \u00e0 18h00 au CERM de Martigny.<\/p>\n<p>&nbsp;<\/p>\n<p><strong>\u2022 Article 2 :<\/strong> Prix au m2 :<\/p>\n<p>CHF 33.-\/m2<\/p>\n<p>Les stands \u00e9quip\u00e9s de parois seront soumis \u00e0 l\u2019approbation pr\u00e9alable de l\u2019organisateur en ce qui concerne leurs dimensions : longueur \u2013 largeur \u2013 hauteur.<\/p>\n<p>Une place d\u2019exposition pour les motos d\u2019occasions est mise \u00e0 disposition moyennant le versement d\u2019une somme de CHF 25.- par machine expos\u00e9e.<\/p>\n<p>&nbsp;<\/p>\n<p><strong>\u2022 Article 3 :<\/strong> Sont \u00e0 la charge de l\u2019exposant :<\/p>\n<p>Les d\u00e9placements et le transport de son mat\u00e9riel servant \u00e0 l\u2019exposition.<\/p>\n<p>L\u2019installation et le d\u00e9montage du stand d\u2019exposition.<\/p>\n<p>La remise en \u00e9tat du lieu d\u2019exposition apr\u00e8s la manifestation.<\/p>\n<p>Souscription d\u2019une assurance \u201cResponsabilit\u00e9 civile Manifestation\u201d<\/p>\n<p>&nbsp;<\/p>\n<p><strong>\u2022 Article 4 :<\/strong> Sont \u00e0 la charge de l\u2019organisateur :<\/p>\n<p>L\u2019acquisition d\u2019une assurance \u00ab Responsabilit\u00e9 Civile Manifestation \u00bb<\/p>\n<p>La publicit\u00e9.<\/p>\n<p>Le chauffage ainsi que l\u2019\u00e9clairage g\u00e9n\u00e9ral du CERM.<\/p>\n<p>La d\u00e9signation de l\u2019emplacement du stand d\u2019exposition.<\/p>\n<p>La surveillance des lieux d\u2019exposition du vendredi 28 mars au dimanche 30 mars 2025 \u00e0 18h00.<\/p>\n<p>L\u2019animation durant le week-end.<\/p>\n<p>&nbsp;<\/p>\n<p><strong>\u2022 Article 5 :<\/strong> Conditions de paiement :<\/p>\n<p>La totalit\u00e9 de la somme inscrite aux points 2 et 7 du pr\u00e9sent contrat sera vers\u00e9e avant la manifestation.<\/p>\n<p>Le pr\u00e9sent contrat vaut comme reconnaissance de dette au sens 82 et suivants de la LP.<\/p>\n<p>&nbsp;<\/p>\n<p><strong>\u2022 Article 6 :<\/strong> Conditions g\u00e9n\u00e9rales :<\/p>\n<p>Il ne sera pas per\u00e7u de droit d\u2019entr\u00e9e pour le public.<\/p>\n<p>Les places d\u2019exposition seront attribu\u00e9es en fonction de l\u2019ordre d\u2019arriv\u00e9e du pr\u00e9sent contrat d\u00fbment sign\u00e9.<\/p>\n<p>L\u2019organisateur se r\u00e9serve le droit de modifier l\u2019emplacement de l\u2019exposant, il avertira toutefois ce dernier \u00e0 l\u2019avance.<\/p>\n<p>L\u2019exploitation des cantines, cuisines et boissons est g\u00e9r\u00e9e exclusivement par l\u2019organisation. Toutes les boissons servies dans les stands de l\u2019expo doivent \u00eatre achet\u00e9es aupr\u00e8s de l\u2019organisateur, et seront vendues \u00e0 prix pr\u00e9f\u00e9rentiel.<\/p>\n<p>Les animations individuelles sur les stands (diffusions sonores, \u00e9clairages, \u2026) ne devront en aucun cas d\u00e9ranger les stands voisins.<\/p>\n<p>Toutes les animations devront \u00eatre annonc\u00e9es et faire l\u2019objet d\u2019accord entre l\u2019organisateur et l\u2019exposant.<\/p>\n<p>Aucun v\u00e9hicule ne sera mis en route durant l\u2019expo, sauf accord pr\u00e9alable.<\/p>\n<p>L\u2019am\u00e9nagement des stands (structures et d\u00e9corations) sera con\u00e7u avec des mat\u00e9riaux de la classe V.2 (norme suisse), c\u2019est-\u00e0-dire difficilement combustibles et d\u00e9gageant peu de fum\u00e9e<\/p>\n<p>L\u2019exposant est responsable de tous les d\u00e9g\u00e2ts et vols pouvant survenir au mat\u00e9riel expos\u00e9 dans son stand du vendredi 28 mars au dimanche 30 mars 2025 \u00e0 18h00.<\/p>\n<p>En cas de rupture du pr\u00e9sent contrat \u00e0 moins de 60 jours, l\u2019organisateur se r\u00e9serve le droit de percevoir le 1\/3 de la somme inscrite au point 2.<\/p>\n<p>En cas de rupture du pr\u00e9sent contrat \u00e0 moins de 45 jours, l\u2019organisateur se r\u00e9serve le droit de percevoir le 2\/3 de la somme inscrite au point 2.<\/p>\n<p>En cas de rupture du pr\u00e9sent contrat \u00e0 moins de 30 jours, l\u2019organisateur se r\u00e9serve le droit de percevoir la totalit\u00e9 de la somme inscrite au point 2.<\/p>\n<p>Pour toutes les contestations qui pourraient r\u00e9sulter de l\u2019application du pr\u00e9sent contrat, les parties conviennent express\u00e9ment que le for juridique sera le domicile de l\u2019organisateur.<\/p>\n<p>Toutes modifications du pr\u00e9sent contrat feront l\u2019objet d\u2019une contre-signature des deux parties.<\/p>\n<p>Tout litige \u00e9ventuel sera r\u00e9gl\u00e9 par voie d\u2019arbitrage, conform\u00e9ment au concordat intercantonal sur l\u2019arbitrage.<\/p>\n<p>L\u2019arbitre unique sera d\u00e9sign\u00e9 en cas de d\u00e9saccord, par le Pr\u00e9sident du Tribunal du district de Martigny.<\/p>\n<p>&nbsp;<\/p>\n<p><strong>\u2022 Article 7 :<\/strong> Site internet : www.expo-moto.ch :<\/p>\n<p>La raison sociale et le nom de l\u2019exposant, les diverses informations et liens vers leurs sites sont automatiquement inscrits sur le site de la manifestation, gratuitement, selon les donn\u00e9es re\u00e7ues de la part des exposants et cela jusqu\u2019\u00e0 la fin de l\u2019ann\u00e9e 2025[\/vc_column_text][\/vc_column][\/vc_row]<\/p>\n<\/div>","protected":false},"excerpt":{"rendered":"<p>[vc_row el_class=\u00a0\u00bbsite-container content-brand\u00a0\u00bb css=\u00a0\u00bb.vc_custom_1727771539443{border-color: #FFBD30 !important;}\u00a0\u00bb][vc_column css=\u00a0\u00bb.vc_custom_1727668271128{border-top-width: 1px !important;border-right-width: 1px !important;border-bottom-width: 1px !important;border-left-width: 1px !important;padding-top: 19px !important;padding-right: 20px !important;padding-bottom: 28px !important;padding-left: 20px !important;border-left-style: solid !important;border-right-style: solid !important;border-top-style: solid !important;border-bottom-style: solid !important;border-color: #EEEE22 !important;}\u00a0\u00bb el_class=\u00a0\u00bbtext-24-tablet text-20-mb\u00a0\u00bb][vc_row_inner css=\u00a0\u00bb.vc_custom_1727774333863{margin-top: 0px !important;margin-bottom: 0px !important;padding-top: 0px !important;padding-bottom: 0px !important;}\u00a0\u00bb][vc_column_inner css=\u00a0\u00bb.vc_custom_1727774349927{margin-top: 0px !important;margin-bottom: 0px !important;border-top-width: 0px !important;padding-top: 0px !important;padding-bottom: 0px !important;}\u00a0\u00bb][vc_custom_heading [&hellip;]<\/p>\n","protected":false},"author":2,"featured_media":0,"parent":0,"menu_order":0,"comment_status":"closed","ping_status":"closed","template":"","meta":{"_acf_changed":false,"footnotes":""},"class_list":["post-1190","page","type-page","status-publish","hentry"],"acf":[],"_links":{"self":[{"href":"https:\/\/expo-moto.ch\/wordpress\/wp-json\/wp\/v2\/pages\/1190","targetHints":{"allow":["GET"]}}],"collection":[{"href":"https:\/\/expo-moto.ch\/wordpress\/wp-json\/wp\/v2\/pages"}],"about":[{"href":"https:\/\/expo-moto.ch\/wordpress\/wp-json\/wp\/v2\/types\/page"}],"author":[{"embeddable":true,"href":"https:\/\/expo-moto.ch\/wordpress\/wp-json\/wp\/v2\/users\/2"}],"replies":[{"embeddable":true,"href":"https:\/\/expo-moto.ch\/wordpress\/wp-json\/wp\/v2\/comments?post=1190"}],"version-history":[{"count":3,"href":"https:\/\/expo-moto.ch\/wordpress\/wp-json\/wp\/v2\/pages\/1190\/revisions"}],"predecessor-version":[{"id":1193,"href":"https:\/\/expo-moto.ch\/wordpress\/wp-json\/wp\/v2\/pages\/1190\/revisions\/1193"}],"wp:attachment":[{"href":"https:\/\/expo-moto.ch\/wordpress\/wp-json\/wp\/v2\/media?parent=1190"}],"curies":[{"name":"wp","href":"https:\/\/api.w.org\/{rel}","templated":true}]}}