{"id":1018,"date":"2024-10-07T12:30:36","date_gmt":"2024-10-07T10:30:36","guid":{"rendered":"https:\/\/expo-moto.ch\/wordpress\/?page_id=1018"},"modified":"2024-11-18T20:44:44","modified_gmt":"2024-11-18T19:44:44","slug":"vente-form","status":"publish","type":"page","link":"https:\/\/expo-moto.ch\/wordpress\/vente-form\/","title":{"rendered":"Vente Form"},"content":{"rendered":"<div class=\"wpb-content-wrapper\"><p>[vc_row el_class=\u00a0\u00bbsite-container content-brand\u00a0\u00bb css=\u00a0\u00bb.vc_custom_1727771539443{border-color: #FFBD30 !important;}\u00a0\u00bb][vc_column css=\u00a0\u00bb.vc_custom_1727668271128{border-top-width: 1px !important;border-right-width: 1px !important;border-bottom-width: 1px !important;border-left-width: 1px !important;padding-top: 19px !important;padding-right: 20px !important;padding-bottom: 28px !important;padding-left: 20px !important;border-left-style: solid !important;border-right-style: solid !important;border-top-style: solid !important;border-bottom-style: solid !important;border-color: #EEEE22 !important;}\u00a0\u00bb el_class=\u00a0\u00bbtext-24-tablet text-20-mb\u00a0\u00bb][vc_row_inner css=\u00a0\u00bb.vc_custom_1727774333863{margin-top: 0px !important;margin-bottom: 0px !important;padding-top: 0px !important;padding-bottom: 0px !important;}\u00a0\u00bb][vc_column_inner css=\u00a0\u00bb.vc_custom_1727774349927{margin-top: 0px !important;margin-bottom: 0px !important;border-top-width: 0px !important;padding-top: 0px !important;padding-bottom: 0px !important;}\u00a0\u00bb][vc_custom_heading text=\u00a0\u00bbVenez vendre votre moto d&rsquo;occasion\u00a0\u00bb font_container=\u00a0\u00bbtag:h1|font_size:32px|text_align:center|color:%232B2E34|line_height:39px\u00a0\u00bb use_theme_fonts=\u00a0\u00bbyes\u00a0\u00bb css=\u00a0\u00bb.vc_custom_1731959082517{padding-bottom: 40px !important;}\u00a0\u00bb el_class=\u00a0\u00bbfw-800 text-upper\u00a0\u00bb]\n<div class=\"wpcf7 no-js\" id=\"wpcf7-f1026-o1\" lang=\"fr-FR\" dir=\"ltr\" data-wpcf7-id=\"1026\">\n<div class=\"screen-reader-response\"><p role=\"status\" aria-live=\"polite\" aria-atomic=\"true\"><\/p> <ul><\/ul><\/div>\n<form action=\"\/wordpress\/wp-json\/wp\/v2\/pages\/1018#wpcf7-f1026-o1\" method=\"post\" class=\"wpcf7-form init\" aria-label=\"Formulaire de contact\" novalidate=\"novalidate\" data-status=\"init\">\n<div style=\"display: none;\">\n<input type=\"hidden\" name=\"_wpcf7\" value=\"1026\" \/>\n<input type=\"hidden\" name=\"_wpcf7_version\" value=\"6.0.5\" \/>\n<input type=\"hidden\" name=\"_wpcf7_locale\" value=\"fr_FR\" \/>\n<input type=\"hidden\" name=\"_wpcf7_unit_tag\" value=\"wpcf7-f1026-o1\" \/>\n<input type=\"hidden\" name=\"_wpcf7_container_post\" value=\"0\" \/>\n<input type=\"hidden\" name=\"_wpcf7_posted_data_hash\" value=\"\" \/>\n<input type=\"hidden\" name=\"_wpcf7_recaptcha_response\" value=\"\" \/>\n<\/div>\n<div class=\"form-content\">\n  <div class=\"vehicle-info\">\n    <p>Informations sur le v\u00e9hicule<\/p>\n\n    <div class=\"form-row\">\n      <label>Marque<\/label>\n      <span class=\"wpcf7-form-control-wrap\" data-name=\"marque\"><input size=\"40\" maxlength=\"400\" class=\"wpcf7-form-control wpcf7-text wpcf7-validates-as-required moto\" aria-required=\"true\" aria-invalid=\"false\" placeholder=\"\" value=\"\" type=\"text\" name=\"marque\" \/><\/span>\n\n      <label>Type<\/label>\n      <span class=\"wpcf7-form-control-wrap\" data-name=\"type\"><input size=\"40\" maxlength=\"400\" class=\"wpcf7-form-control wpcf7-text wpcf7-validates-as-required moto\" aria-required=\"true\" aria-invalid=\"false\" placeholder=\"\" value=\"\" type=\"text\" name=\"type\" \/><\/span>\n    <\/div>\n\n    <div class=\"form-row\">\n      <label>Cylindr\u00e9e<\/label>\n      <span class=\"wpcf7-form-control-wrap\" data-name=\"cylindree\"><input size=\"40\" maxlength=\"400\" class=\"wpcf7-form-control wpcf7-text wpcf7-validates-as-required moto\" aria-required=\"true\" aria-invalid=\"false\" placeholder=\"\" value=\"\" type=\"text\" name=\"cylindree\" \/><\/span>\n\n      <label>Ann\u00e9e<\/label>\n      <span class=\"wpcf7-form-control-wrap\" data-name=\"annee\"><input size=\"40\" maxlength=\"400\" class=\"wpcf7-form-control wpcf7-text wpcf7-validates-as-required moto\" aria-required=\"true\" aria-invalid=\"false\" placeholder=\"\" value=\"\" type=\"text\" name=\"annee\" \/><\/span>\n    <\/div>\n\n    <div class=\"form-row\">\n      <label>KM<\/label>\n      <span class=\"wpcf7-form-control-wrap\" data-name=\"km\"><input size=\"40\" maxlength=\"400\" class=\"wpcf7-form-control wpcf7-text wpcf7-validates-as-required moto\" aria-required=\"true\" aria-invalid=\"false\" placeholder=\"\" value=\"\" type=\"text\" name=\"km\" \/><\/span>\n\n      <label>Prix de vente<\/label>\n      <span class=\"wpcf7-form-control-wrap\" data-name=\"prix\"><input size=\"40\" maxlength=\"400\" class=\"wpcf7-form-control wpcf7-text wpcf7-validates-as-required moto\" aria-required=\"true\" aria-invalid=\"false\" placeholder=\"\" value=\"\" type=\"text\" name=\"prix\" \/><\/span>\n    <\/div>\n\n    <div class=\"form-row\">\n      <label>Date d'expertise<\/label>\n      <span class=\"wpcf7-form-control-wrap\" data-name=\"date_expertise\"><input class=\"wpcf7-form-control wpcf7-date wpcf7-validates-as-required wpcf7-validates-as-date moto\" aria-required=\"true\" aria-invalid=\"false\" placeholder=\"\" value=\"\" type=\"date\" name=\"date_expertise\" \/><\/span>\n\n      <label>Option<\/label>\n      <span class=\"wpcf7-form-control-wrap\" data-name=\"option\"><input size=\"40\" maxlength=\"400\" class=\"wpcf7-form-control wpcf7-text wpcf7-validates-as-required moto\" aria-required=\"true\" aria-invalid=\"false\" placeholder=\"\" value=\"\" type=\"text\" name=\"option\" \/><\/span>\n    <\/div>\n  <\/div>\n\n  <div class=\"owner-info\">\n    <p>Informations sur le propri\u00e9taire<\/p>\n\n    <div class=\"form-row\">\n      <label>Nom<\/label>\n      <span class=\"wpcf7-form-control-wrap\" data-name=\"nom\"><input size=\"40\" maxlength=\"400\" class=\"wpcf7-form-control wpcf7-text wpcf7-validates-as-required moto\" aria-required=\"true\" aria-invalid=\"false\" placeholder=\"\" value=\"\" type=\"text\" name=\"nom\" \/><\/span>\n\n      <label>Pr\u00e9nom<\/label>\n      <span class=\"wpcf7-form-control-wrap\" data-name=\"prenom\"><input size=\"40\" maxlength=\"400\" class=\"wpcf7-form-control wpcf7-text wpcf7-validates-as-required moto\" aria-required=\"true\" aria-invalid=\"false\" placeholder=\"\" value=\"\" type=\"text\" name=\"prenom\" \/><\/span>\n    <\/div>\n\n    <div class=\"form-row\">\n      <label>Adresse<\/label>\n      <span class=\"wpcf7-form-control-wrap\" data-name=\"adresse\"><input size=\"40\" maxlength=\"400\" class=\"wpcf7-form-control wpcf7-text wpcf7-validates-as-required moto\" aria-required=\"true\" aria-invalid=\"false\" placeholder=\"\" value=\"\" type=\"text\" name=\"adresse\" \/><\/span>\n\n      <label>N\u00b0<\/label>\n      <span class=\"wpcf7-form-control-wrap\" data-name=\"numero\"><input size=\"40\" maxlength=\"400\" class=\"wpcf7-form-control wpcf7-text wpcf7-validates-as-required moto\" aria-required=\"true\" aria-invalid=\"false\" placeholder=\"\" value=\"\" type=\"text\" name=\"numero\" \/><\/span>\n    <\/div>\n\n    <div class=\"form-row\">\n      <label>NPA<\/label>\n      <span class=\"wpcf7-form-control-wrap\" data-name=\"npa\"><input size=\"40\" maxlength=\"400\" class=\"wpcf7-form-control wpcf7-text wpcf7-validates-as-required moto\" aria-required=\"true\" aria-invalid=\"false\" placeholder=\"\" value=\"\" type=\"text\" name=\"npa\" \/><\/span>\n\n      <label>Localit\u00e9<\/label>\n      <span class=\"wpcf7-form-control-wrap\" data-name=\"localite\"><input size=\"40\" maxlength=\"400\" class=\"wpcf7-form-control wpcf7-text wpcf7-validates-as-required moto\" aria-required=\"true\" aria-invalid=\"false\" placeholder=\"\" value=\"\" type=\"text\" name=\"localite\" \/><\/span>\n    <\/div>\n\n    <div class=\"form-row\">\n      <label>N\u00b0 de t\u00e9l\u00e9phone<\/label>\n      <span class=\"wpcf7-form-control-wrap\" data-name=\"telephone\"><input size=\"40\" maxlength=\"400\" class=\"wpcf7-form-control wpcf7-tel wpcf7-validates-as-required wpcf7-text wpcf7-validates-as-tel moto\" aria-required=\"true\" aria-invalid=\"false\" placeholder=\"\" value=\"\" type=\"tel\" name=\"telephone\" \/><\/span>\n\n      <label>E-mail<\/label>\n      <span class=\"wpcf7-form-control-wrap\" data-name=\"email\"><input size=\"40\" maxlength=\"400\" class=\"wpcf7-form-control wpcf7-email wpcf7-validates-as-required wpcf7-text wpcf7-validates-as-email moto\" aria-required=\"true\" aria-invalid=\"false\" placeholder=\"votre@email.ch\" value=\"\" type=\"email\" name=\"email\" \/><\/span>\n    <\/div>\n  <\/div>\n<\/div>\n<p class=\"notice\">\n  Les v\u00e9hicules sont \u00e0 apporter le vendredi entre 16h et 20h ou le samedi matin entre 8h30 et 9h30.\n<\/p>\n\n<p class=\"payment-notice\">\n  Le paiement des 25 CHF (cash) de l'inscription est \u00e0 effectuer directement aupr\u00e8s du responsable des occasions.\n<\/p>\n\n<p class=\"pickup-notice\">\n  La reprise des v\u00e9hicules est pr\u00e9vue le dimanche entre 18 et 20h, dernier d\u00e9lai.\n<\/p>\n\n\"<div class=\"submit-btn\">\"\n\n\n<p class=\"notice\" color=\"red\">\n  En raison d'un grand nombre d'inscriptions, pour des raisons de places, nous ne r\u00e9alisons plus d'inscriptions. Cependant, vous avez la possibilit\u00e9 de venir le vendredi en fin d'apr\u00e8s-midi ou samedi entre 8h30 et 9h30 afin de d\u00e9poser votre moto sans inscription, sous r\u00e9serve de places disponibles.\n<\/p>\n\n<\/div><p style=\"display: none !important;\" class=\"akismet-fields-container\" data-prefix=\"_wpcf7_ak_\"><label>&#916;<textarea name=\"_wpcf7_ak_hp_textarea\" cols=\"45\" rows=\"8\" maxlength=\"100\"><\/textarea><\/label><input type=\"hidden\" id=\"ak_js_1\" name=\"_wpcf7_ak_js\" value=\"232\"\/><script>document.getElementById( \"ak_js_1\" ).setAttribute( \"value\", ( new Date() ).getTime() );<\/script><\/p><div class=\"wpcf7-response-output\" aria-hidden=\"true\"><\/div>\n<\/form>\n<\/div>\n[\/vc_column_inner][\/vc_row_inner][\/vc_column][\/vc_row]<\/p>\n<\/div>","protected":false},"excerpt":{"rendered":"<p>[vc_row el_class=\u00a0\u00bbsite-container content-brand\u00a0\u00bb css=\u00a0\u00bb.vc_custom_1727771539443{border-color: #FFBD30 !important;}\u00a0\u00bb][vc_column css=\u00a0\u00bb.vc_custom_1727668271128{border-top-width: 1px !important;border-right-width: 1px !important;border-bottom-width: 1px !important;border-left-width: 1px !important;padding-top: 19px !important;padding-right: 20px !important;padding-bottom: 28px !important;padding-left: 20px !important;border-left-style: solid !important;border-right-style: solid !important;border-top-style: solid !important;border-bottom-style: solid !important;border-color: #EEEE22 !important;}\u00a0\u00bb el_class=\u00a0\u00bbtext-24-tablet text-20-mb\u00a0\u00bb][vc_row_inner css=\u00a0\u00bb.vc_custom_1727774333863{margin-top: 0px !important;margin-bottom: 0px !important;padding-top: 0px !important;padding-bottom: 0px !important;}\u00a0\u00bb][vc_column_inner css=\u00a0\u00bb.vc_custom_1727774349927{margin-top: 0px !important;margin-bottom: 0px !important;border-top-width: 0px !important;padding-top: 0px !important;padding-bottom: 0px !important;}\u00a0\u00bb][vc_custom_heading [&hellip;]<\/p>\n","protected":false},"author":1,"featured_media":0,"parent":0,"menu_order":0,"comment_status":"closed","ping_status":"closed","template":"","meta":{"_acf_changed":false,"footnotes":""},"class_list":["post-1018","page","type-page","status-publish","hentry"],"acf":[],"_links":{"self":[{"href":"https:\/\/expo-moto.ch\/wordpress\/wp-json\/wp\/v2\/pages\/1018","targetHints":{"allow":["GET"]}}],"collection":[{"href":"https:\/\/expo-moto.ch\/wordpress\/wp-json\/wp\/v2\/pages"}],"about":[{"href":"https:\/\/expo-moto.ch\/wordpress\/wp-json\/wp\/v2\/types\/page"}],"author":[{"embeddable":true,"href":"https:\/\/expo-moto.ch\/wordpress\/wp-json\/wp\/v2\/users\/1"}],"replies":[{"embeddable":true,"href":"https:\/\/expo-moto.ch\/wordpress\/wp-json\/wp\/v2\/comments?post=1018"}],"version-history":[{"count":5,"href":"https:\/\/expo-moto.ch\/wordpress\/wp-json\/wp\/v2\/pages\/1018\/revisions"}],"predecessor-version":[{"id":1248,"href":"https:\/\/expo-moto.ch\/wordpress\/wp-json\/wp\/v2\/pages\/1018\/revisions\/1248"}],"wp:attachment":[{"href":"https:\/\/expo-moto.ch\/wordpress\/wp-json\/wp\/v2\/media?parent=1018"}],"curies":[{"name":"wp","href":"https:\/\/api.w.org\/{rel}","templated":true}]}}