{"id":893,"date":"2024-09-27T12:06:46","date_gmt":"2024-09-27T10:06:46","guid":{"rendered":"https:\/\/expo-moto.ch\/wordpress\/visiter\/"},"modified":"2024-10-02T05:16:02","modified_gmt":"2024-10-02T03:16:02","slug":"zu-besichtigen","status":"publish","type":"page","link":"https:\/\/expo-moto.ch\/wordpress\/de\/zu-besichtigen\/","title":{"rendered":"Zu besichtigen"},"content":{"rendered":"<div class=\"wpb-content-wrapper\"><p>[vc_row full_width=&#8220;stretch_row&#8220; css=&#8220;.vc_custom_1727455932728{margin-right: 0px !important;margin-left: 0px !important;padding-right: 0px !important;padding-left: 0px !important;}&#8220;][vc_column css=&#8220;.vc_custom_1727445378329{margin-right: 0px !important;margin-left: 0px !important;padding-right: 0px !important;padding-left: 0px !important;}&#8220;][vc_single_image image=&#8220;686&#8243; img_size=&#8220;full&#8220; css_animation=&#8220;fadeIn&#8220; css=&#8220;.vc_custom_1727681853370{margin-right: 0px !important;margin-bottom: 0px !important;margin-left: 0px !important;padding-right: 0px !important;padding-left: 0px !important;}&#8220; el_class=&#8220;banner-img&#8220;][\/vc_column][\/vc_row][vc_row el_class=&#8220;site-container extra-title-container&#8220;][vc_column css=&#8220;.vc_custom_1727450317230{padding-right: 0px !important;padding-left: 0px !important;}&#8220;][vc_custom_heading text=&#8220;Venir visiter l\u2019expo&#8220; font_container=&#8220;tag:h1|font_size:48|text_align:left|color:%23FFFFFF|line_height:90px&#8220; use_theme_fonts=&#8220;yes&#8220; css=&#8220;&#8220; el_class=&#8220;fw-900 extra-title&#8220;][\/vc_column][\/vc_row][vc_row el_class=&#8220;site-container content-visit&#8220;][vc_column css=&#8220;.vc_custom_1727496780061{padding-right: 0px !important;padding-left: 0px !important;}&#8220; el_class=&#8220;ex-content-left&#8220;][vc_custom_heading text=&#8220;Programme et animations&#8220; font_container=&#8220;tag:p|font_size:32px|text_align:left|color:%232B2E34|line_height:44px&#8220; use_theme_fonts=&#8220;yes&#8220; css=&#8220;.vc_custom_1727689588199{margin-bottom: 46px !important;}&#8220; el_class=&#8220;fw-800 text-upper title-32 text-24-tablet&#8220;][\/vc_column][\/vc_row][vc_row el_class=&#8220;site-container content-visit&#8220;][vc_column width=&#8220;1\/3&#8243; css=&#8220;.vc_custom_1727682889545{padding-right: 0px !important;padding-left: 0px !important;}&#8220; el_class=&#8220;content-visit-col&#8220;][vc_custom_heading text=&#8220;Sex Rhapsody&#8220; font_container=&#8220;tag:p|font_size:26px|text_align:left|color:%232B2E34|line_height:44px&#8220; use_theme_fonts=&#8220;yes&#8220; css=&#8220;.vc_custom_1727689294592{margin-bottom: 0px !important;}&#8220; el_class=&#8220;fw-800 text-upper title-26 text-24-tablet&#8220;][vc_custom_heading text=&#8220;Cette ann\u00e9e, ce duo de guitariste acoustique mettra l\u2019ambiance sur sc\u00e8ne et pr\u00e8s des bars avec leur reprises de musiques pop-rock d\u2019hier et d\u2019aujourd\u2019hui !&#8220; font_container=&#8220;tag:p|font_size:24px|text_align:left|color:%232B2E34|line_height:44px&#8220; use_theme_fonts=&#8220;yes&#8220; css=&#8220;.vc_custom_1727689552992{margin-bottom: 20px !important;}&#8220; el_class=&#8220;fw-500 text-normal&#8220;][\/vc_column][vc_column width=&#8220;1\/3&#8243; css=&#8220;.vc_custom_1727682895961{margin-right: 30px !important;}&#8220; el_class=&#8220;content-visit-col&#8220;][vc_custom_heading text=&#8220;Samedi&#8220; font_container=&#8220;tag:p|font_size:26px|text_align:left|color:%232B2E34|line_height:44px&#8220; use_theme_fonts=&#8220;yes&#8220; css=&#8220;.vc_custom_1727689300664{margin-bottom: 0px !important;}&#8220; el_class=&#8220;fw-800 text-upper title-26 text-24-tablet&#8220;][vc_row_inner css=&#8220;.vc_custom_1727687884681{margin-top: 0px !important;margin-right: 0px !important;margin-bottom: 0px !important;margin-left: 0px !important;padding-top: 0px !important;padding-bottom: 0px !important;}&#8220; el_class=&#8220;box-time&#8220;][vc_column_inner el_class=&#8220;box-time-left&#8220; width=&#8220;1\/4&#8243; css=&#8220;.vc_custom_1727687603969{margin-right: 20px !important;padding-top: 0px !important;padding-right: 0px !important;padding-bottom: 0px !important;padding-left: 0px !important;}&#8220;][vc_custom_heading text=&#8220;Sc\u00e8ne :&#8220; font_container=&#8220;tag:p|font_size:24px|text_align:left|color:%232B2E34|line_height:44px&#8220; use_theme_fonts=&#8220;yes&#8220; css=&#8220;.vc_custom_1727681360611{margin-bottom: 0px !important;}&#8220; el_class=&#8220;fw-500&#8243;][\/vc_column_inner][vc_column_inner el_class=&#8220;box-time-right&#8220; width=&#8220;3\/4&#8243; css=&#8220;.vc_custom_1727687683329{padding-top: 0px !important;padding-right: 0px !important;padding-bottom: 0px !important;padding-left: 0px !important;}&#8220;][vc_custom_heading text=&#8220;11h30 \u2013 12h00&#8243; font_container=&#8220;tag:p|font_size:24px|text_align:left|color:%232B2E34|line_height:44px&#8220; use_theme_fonts=&#8220;yes&#8220; css=&#8220;.vc_custom_1727681401459{margin-bottom: 0px !important;}&#8220; el_class=&#8220;fw-500&#8243;][vc_custom_heading text=&#8220;13h30 \u2013 14h00&#8243; font_container=&#8220;tag:p|font_size:24px|text_align:left|color:%232B2E34|line_height:44px&#8220; use_theme_fonts=&#8220;yes&#8220; css=&#8220;.vc_custom_1727681413891{margin-bottom: 0px !important;}&#8220; el_class=&#8220;fw-500&#8243;][\/vc_column_inner][\/vc_row_inner][vc_row_inner css=&#8220;.vc_custom_1727687949769{margin-right: 0px !important;margin-left: 0px !important;padding-top: 0px !important;padding-right: 0px !important;padding-bottom: 0px !important;padding-left: 0px !important;}&#8220; el_class=&#8220;box-time&#8220;][vc_column_inner el_class=&#8220;box-time-left&#8220; width=&#8220;1\/4&#8243; css=&#8220;.vc_custom_1727687675656{margin-right: 20px !important;padding-top: 0px !important;padding-right: 0px !important;padding-bottom: 0px !important;padding-left: 0px !important;}&#8220;][vc_custom_heading text=&#8220;Bar :&#8220; font_container=&#8220;tag:p|font_size:24px|text_align:left|color:%232B2E34|line_height:44px&#8220; use_theme_fonts=&#8220;yes&#8220; css=&#8220;.vc_custom_1727681456450{margin-bottom: 0px !important;}&#8220; el_class=&#8220;fw-500&#8243;][\/vc_column_inner][vc_column_inner el_class=&#8220;box-time-right&#8220; width=&#8220;3\/4&#8243; css=&#8220;.vc_custom_1727687692656{padding-top: 0px !important;padding-right: 0px !important;padding-bottom: 0px !important;padding-left: 0px !important;}&#8220;][vc_custom_heading text=&#8220;15h00 \u2013 15h20&#8243; font_container=&#8220;tag:p|font_size:24px|text_align:left|color:%232B2E34|line_height:44px&#8220; use_theme_fonts=&#8220;yes&#8220; css=&#8220;.vc_custom_1727681473707{margin-bottom: 0px !important;}&#8220; el_class=&#8220;fw-500&#8243;][\/vc_column_inner][\/vc_row_inner][vc_row_inner css=&#8220;.vc_custom_1727687963361{margin-right: 0px !important;margin-left: 0px !important;}&#8220; el_class=&#8220;box-time&#8220;][vc_column_inner el_class=&#8220;box-time-left&#8220; width=&#8220;1\/4&#8243; css=&#8220;.vc_custom_1727687701552{margin-right: 20px !important;padding-top: 0px !important;padding-right: 0px !important;padding-bottom: 0px !important;padding-left: 0px !important;}&#8220;][vc_custom_heading text=&#8220;Bar :&#8220; font_container=&#8220;tag:p|font_size:24px|text_align:left|color:%232B2E34|line_height:44px&#8220; use_theme_fonts=&#8220;yes&#8220; css=&#8220;.vc_custom_1727681456450{margin-bottom: 0px !important;}&#8220; el_class=&#8220;fw-500&#8243;][\/vc_column_inner][vc_column_inner el_class=&#8220;box-time-right&#8220; width=&#8220;3\/4&#8243; css=&#8220;.vc_custom_1727687711344{padding-top: 0px !important;padding-right: 0px !important;padding-bottom: 0px !important;padding-left: 0px !important;}&#8220;][vc_custom_heading text=&#8220;16h00 \u2013 16h20&#8243; font_container=&#8220;tag:p|font_size:24px|text_align:left|color:%232B2E34|line_height:44px&#8220; use_theme_fonts=&#8220;yes&#8220; css=&#8220;.vc_custom_1727681500098{margin-bottom: 0px !important;}&#8220; el_class=&#8220;fw-500&#8243;][\/vc_column_inner][\/vc_row_inner][\/vc_column][vc_column width=&#8220;1\/3&#8243; el_class=&#8220;content-visit-col&#8220;][vc_custom_heading text=&#8220;Dimanche&#8220; font_container=&#8220;tag:p|font_size:26px|text_align:left|color:%232B2E34|line_height:44px&#8220; use_theme_fonts=&#8220;yes&#8220; css=&#8220;.vc_custom_1727689309704{margin-bottom: 0px !important;}&#8220; el_class=&#8220;fw-800 text-upper title-26 text-24-tablet&#8220;][vc_row_inner css=&#8220;.vc_custom_1727687974952{margin-top: 0px !important;margin-right: 0px !important;margin-bottom: 0px !important;margin-left: 0px !important;padding-top: 0px !important;padding-bottom: 0px !important;}&#8220; el_class=&#8220;box-time&#8220;][vc_column_inner el_class=&#8220;box-time-left&#8220; width=&#8220;1\/4&#8243; css=&#8220;.vc_custom_1727687738720{margin-right: 20px !important;padding-top: 0px !important;padding-right: 0px !important;padding-bottom: 0px !important;padding-left: 0px !important;}&#8220;][vc_custom_heading text=&#8220;Sc\u00e8ne :&#8220; font_container=&#8220;tag:p|font_size:24px|text_align:left|color:%232B2E34|line_height:44px&#8220; use_theme_fonts=&#8220;yes&#8220; css=&#8220;.vc_custom_1727681360611{margin-bottom: 0px !important;}&#8220; el_class=&#8220;fw-500&#8243;][\/vc_column_inner][vc_column_inner el_class=&#8220;box-time-right&#8220; width=&#8220;3\/4&#8243; css=&#8220;.vc_custom_1727687747368{padding-top: 0px !important;padding-right: 0px !important;padding-bottom: 0px !important;padding-left: 0px !important;}&#8220;][vc_custom_heading text=&#8220;11h \u2013 11h30&#8243; font_container=&#8220;tag:p|font_size:24px|text_align:left|color:%232B2E34|line_height:44px&#8220; use_theme_fonts=&#8220;yes&#8220; css=&#8220;.vc_custom_1727681563379{margin-bottom: 0px !important;}&#8220; el_class=&#8220;fw-500&#8243;][vc_custom_heading text=&#8220;12h30 \u2013 13h&#8220; font_container=&#8220;tag:p|font_size:24px|text_align:left|color:%232B2E34|line_height:44px&#8220; use_theme_fonts=&#8220;yes&#8220; css=&#8220;.vc_custom_1727681574795{margin-bottom: 0px !important;}&#8220; el_class=&#8220;fw-500&#8243;][\/vc_column_inner][\/vc_row_inner][vc_row_inner css=&#8220;.vc_custom_1727687982512{margin-right: 0px !important;margin-left: 0px !important;}&#8220; el_class=&#8220;box-time&#8220;][vc_column_inner el_class=&#8220;box-time-left&#8220; width=&#8220;1\/4&#8243; css=&#8220;.vc_custom_1727687762993{margin-right: 20px !important;padding-top: 0px !important;padding-right: 0px !important;padding-bottom: 0px !important;padding-left: 0px !important;}&#8220;][vc_custom_heading text=&#8220;Bar :&#8220; font_container=&#8220;tag:p|font_size:24px|text_align:left|color:%232B2E34|line_height:44px&#8220; use_theme_fonts=&#8220;yes&#8220; css=&#8220;.vc_custom_1727681456450{margin-bottom: 0px !important;}&#8220; el_class=&#8220;fw-500&#8243;][\/vc_column_inner][vc_column_inner el_class=&#8220;box-time-right&#8220; width=&#8220;3\/4&#8243; css=&#8220;.vc_custom_1727687788120{padding-top: 0px !important;padding-right: 0px !important;padding-bottom: 0px !important;padding-left: 0px !important;}&#8220;][vc_custom_heading text=&#8220;13h30 \u2013 13h50&#8243; font_container=&#8220;tag:p|font_size:24px|text_align:left|color:%232B2E34|line_height:44px&#8220; use_theme_fonts=&#8220;yes&#8220; css=&#8220;.vc_custom_1727681583138{margin-bottom: 0px !important;}&#8220; el_class=&#8220;fw-500&#8243;][\/vc_column_inner][\/vc_row_inner][vc_row_inner css=&#8220;.vc_custom_1727688152257{margin-right: 0px !important;margin-left: 0px !important;}&#8220; el_class=&#8220;box-time&#8220;][vc_column_inner el_class=&#8220;box-time-left&#8220; width=&#8220;1\/4&#8243; css=&#8220;.vc_custom_1727687818353{margin-right: 20px !important;padding-top: 0px !important;padding-right: 0px !important;padding-bottom: 0px !important;padding-left: 0px !important;}&#8220;][vc_custom_heading text=&#8220;Bar :&#8220; font_container=&#8220;tag:p|font_size:24px|text_align:left|color:%232B2E34|line_height:44px&#8220; use_theme_fonts=&#8220;yes&#8220; css=&#8220;.vc_custom_1727681456450{margin-bottom: 0px !important;}&#8220; el_class=&#8220;fw-500&#8243;][\/vc_column_inner][vc_column_inner el_class=&#8220;box-time-right&#8220; width=&#8220;3\/4&#8243; css=&#8220;.vc_custom_1727687807441{padding-top: 0px !important;padding-right: 0px !important;padding-bottom: 0px !important;padding-left: 0px !important;}&#8220;][vc_custom_heading text=&#8220;14h30 \u2013 14h50&#8243; font_container=&#8220;tag:p|font_size:24px|text_align:left|color:%232B2E34|line_height:44px&#8220; use_theme_fonts=&#8220;yes&#8220; css=&#8220;.vc_custom_1727681604699{margin-bottom: 0px !important;}&#8220; el_class=&#8220;fw-500&#8243;][\/vc_column_inner][\/vc_row_inner][\/vc_column][\/vc_row][vc_row el_class=&#8220;site-container content-visit-2&#8243; css=&#8220;.vc_custom_1727685690886{margin-bottom: 110px !important;}&#8220;][vc_column width=&#8220;1\/2&#8243; css=&#8220;.vc_custom_1727683072823{padding-right: 0px !important;padding-left: 0px !important;}&#8220; el_class=&#8220;visit-content-left&#8220;][vc_custom_heading text=&#8220;D\u00e9couverte de la moto pour les enfants&#8220; font_container=&#8220;tag:p|font_size:26px|text_align:left|color:%232B2E34|line_height:44px&#8220; use_theme_fonts=&#8220;yes&#8220; css=&#8220;.vc_custom_1727689386568{margin-bottom: 0px !important;}&#8220; el_class=&#8220;fw-800 text-upper title-26 text-24-tablet&#8220;][vc_custom_heading text=&#8220;Cette ann\u00e9e, nous mettons \u00e0 disposition des plus petits un circuit gonflable afin qu\u2019ils puissent r\u00e9aliser, en toute s\u00e9curit\u00e9, leur premier petit tour en moto \u00e9lectrique sans que cela ne co\u00fbte quoi que ce soit \u00e0 leur parents.&#8220; font_container=&#8220;tag:p|font_size:24px|text_align:left|color:%232B2E34|line_height:44px&#8220; use_theme_fonts=&#8220;yes&#8220; css=&#8220;.vc_custom_1727689436968{margin-bottom: 44px !important;}&#8220; el_class=&#8220;fw-500 text-normal text-22-tablet&#8220;][vc_custom_heading text=&#8220;Cette activit\u00e9 est supervis\u00e9e par J\u00e9r\u00f4me Delair, pilote de trial et entra\u00eeneur de l\u2019\u00e9quipe de France de trial. Avec lui, vos petits seront entre de bonnes mains !&#8220; font_container=&#8220;tag:p|font_size:24px|text_align:left|color:%232B2E34|line_height:44px&#8220; use_theme_fonts=&#8220;yes&#8220; css=&#8220;.vc_custom_1727686086380{margin-bottom: 44px !important;}&#8220; el_class=&#8220;fw-500 text-normal&#8220;][vc_custom_heading text=&#8220;A disposition : 4 motos, 2 quads et 2 draisines, le tout \u00e9lectrique.&#8220; font_container=&#8220;tag:p|font_size:24px|text_align:left|color:%232B2E34|line_height:44px&#8220; use_theme_fonts=&#8220;yes&#8220; css=&#8220;.vc_custom_1727686106477{margin-bottom: 115px !important;}&#8220; el_class=&#8220;fw-500 text-normal&#8220;][vc_custom_heading text=&#8220;D\u00e9monstration de trial \u00e9lectrique Indoor&#8220; font_container=&#8220;tag:p|font_size:26px|text_align:left|color:%232B2E34|line_height:44px&#8220; use_theme_fonts=&#8220;yes&#8220; css=&#8220;.vc_custom_1727685996317{margin-bottom: 0px !important;}&#8220; el_class=&#8220;fw-800 text-upper title-26&#8243;][vc_custom_heading text=&#8220;Avec l\u2019aide du Moto Club de Fully pour la r\u00e9alisation du parcours indoor, quelques d\u00e9monstrations de Trial indoor seront r\u00e9alis\u00e9e par J\u00e9r\u00f4me Delair, 4e du dernier championnat du monde de Trial E.&#8220; font_container=&#8220;tag:p|font_size:24px|text_align:left|color:%232B2E34|line_height:44px&#8220; use_theme_fonts=&#8220;yes&#8220; css=&#8220;.vc_custom_1727686119453{margin-bottom: 44px !important;}&#8220; el_class=&#8220;fw-500 text-normal&#8220;][vc_custom_heading text=&#8220;Les horaires sont encore \u00e0 d\u00e9finir.&#8220; font_container=&#8220;tag:p|font_size:24px|text_align:left|color:%232B2E34|line_height:44px&#8220; use_theme_fonts=&#8220;yes&#8220; css=&#8220;.vc_custom_1727686011157{margin-bottom: 30px !important;}&#8220; el_class=&#8220;fw-500 text-normal&#8220;][\/vc_column][vc_column width=&#8220;1\/2&#8243; el_class=&#8220;visit-content-right&#8220;][vc_btn title=&#8220;Nos exposants&#8220; style=&#8220;custom&#8220; custom_background=&#8220;#FFFFFF&#8220; custom_text=&#8220;#9D9D9D&#8220; shape=&#8220;square&#8220; size=&#8220;lg&#8220; css=&#8220;.vc_custom_1727838907713{margin-top: 20px !important;margin-bottom: 50px !important;}&#8220; el_class=&#8220;button-yellow fw-800 btn-show-form&#8220; link=&#8220;url:https%3A%2F%2Fexpo-moto.ch%2Fwordpress%2Fde%2Funsere-aussteller%2F|title:Nos%20exposants&#8220;][vc_btn title=&#8220;Nos invit\u00e9s&#8220; style=&#8220;custom&#8220; custom_background=&#8220;#FFFFFF&#8220; custom_text=&#8220;#9D9D9D&#8220; shape=&#8220;square&#8220; size=&#8220;lg&#8220; css=&#8220;.vc_custom_1727833527514{margin-top: 20px !important;margin-bottom: 50px !important;}&#8220; el_class=&#8220;button-yellow fw-800 btn-show-form&#8220; link=&#8220;url:https%3A%2F%2Fexpo-moto.ch%2Fwordpress%2Fde%2Funsere-gaeste%2F|title:Nos%20invit%C3%A9s&#8220;][vc_row_inner css=&#8220;.vc_custom_1727685834475{margin-top: 0px !important;margin-right: 0px !important;margin-bottom: 0px !important;margin-left: 0px !important;padding-top: 0px !important;padding-right: 0px !important;padding-bottom: 0px !important;padding-left: 0px !important;border-color: #FFFFFF !important;}&#8220;][vc_column_inner el_class=&#8220;box-border&#8220; css=&#8220;.vc_custom_1727686620373{margin-top: 0px !important;margin-right: 0px !important;margin-bottom: 0px !important;margin-left: 0px !important;padding-top: 0px !important;padding-right: 0px !important;padding-bottom: 0px !important;padding-left: 0px !important;}&#8220;][vc_custom_heading text=&#8220;Infos pratiques&#8220; font_container=&#8220;tag:p|font_size:26px|text_align:left|color:%232B2E34|line_height:44px&#8220; use_theme_fonts=&#8220;yes&#8220; css=&#8220;.vc_custom_1727689332488{margin-bottom: 40px !important;}&#8220; el_class=&#8220;fw-800 text-upper title-26 text-24-tablet&#8220;][vc_custom_heading text=&#8220;Voiture :<br \/>\nSortie d\u2019autoroute : Martigny Expo<br \/>\npuis suivre les panneaux indicatifs.&#8220; font_container=&#8220;tag:p|font_size:24px|text_align:left|color:%232B2E34|line_height:44px&#8220; use_theme_fonts=&#8220;yes&#8220; css=&#8220;&#8220; el_class=&#8220;fw-500 text-normal&#8220;][vc_custom_heading text=&#8220;Les parkings du CERM sont \u00e0<br \/>\nvotre disposition gratuitement.&#8220; font_container=&#8220;tag:p|font_size:24px|text_align:left|color:%232B2E34|line_height:44px&#8220; use_theme_fonts=&#8220;yes&#8220; css=&#8220;.vc_custom_1727686308829{margin-bottom: 0px !important;}&#8220; el_class=&#8220;fw-500 text-normal&#8220;][\/vc_column_inner][\/vc_row_inner][\/vc_column][\/vc_row]<\/p>\n<\/div>","protected":false},"excerpt":{"rendered":"<p>[vc_row full_width=&#8220;stretch_row&#8220; css=&#8220;.vc_custom_1727455932728{margin-right: 0px !important;margin-left: 0px !important;padding-right: 0px !important;padding-left: 0px !important;}&#8220;][vc_column css=&#8220;.vc_custom_1727445378329{margin-right: 0px !important;margin-left: 0px !important;padding-right: 0px !important;padding-left: 0px !important;}&#8220;][vc_single_image image=&#8220;686&#8243; img_size=&#8220;full&#8220; css_animation=&#8220;fadeIn&#8220; css=&#8220;.vc_custom_1727681853370{margin-right: 0px !important;margin-bottom: 0px !important;margin-left: 0px !important;padding-right: 0px !important;padding-left: 0px !important;}&#8220; el_class=&#8220;banner-img&#8220;][\/vc_column][\/vc_row][vc_row el_class=&#8220;site-container extra-title-container&#8220;][vc_column css=&#8220;.vc_custom_1727450317230{padding-right: 0px !important;padding-left: 0px !important;}&#8220;][vc_custom_heading text=&#8220;Venir visiter l\u2019expo&#8220; font_container=&#8220;tag:h1|font_size:48|text_align:left|color:%23FFFFFF|line_height:90px&#8220; use_theme_fonts=&#8220;yes&#8220; css=&#8220;&#8220; el_class=&#8220;fw-900 extra-title&#8220;][\/vc_column][\/vc_row][vc_row el_class=&#8220;site-container content-visit&#8220;][vc_column css=&#8220;.vc_custom_1727496780061{padding-right: 0px !important;padding-left: [&hellip;]<\/p>\n","protected":false},"author":1,"featured_media":0,"parent":0,"menu_order":0,"comment_status":"closed","ping_status":"closed","template":"","meta":{"_acf_changed":false,"footnotes":""},"class_list":["post-893","page","type-page","status-publish","hentry"],"acf":[],"_links":{"self":[{"href":"https:\/\/expo-moto.ch\/wordpress\/de\/wp-json\/wp\/v2\/pages\/893","targetHints":{"allow":["GET"]}}],"collection":[{"href":"https:\/\/expo-moto.ch\/wordpress\/de\/wp-json\/wp\/v2\/pages"}],"about":[{"href":"https:\/\/expo-moto.ch\/wordpress\/de\/wp-json\/wp\/v2\/types\/page"}],"author":[{"embeddable":true,"href":"https:\/\/expo-moto.ch\/wordpress\/de\/wp-json\/wp\/v2\/users\/1"}],"replies":[{"embeddable":true,"href":"https:\/\/expo-moto.ch\/wordpress\/de\/wp-json\/wp\/v2\/comments?post=893"}],"version-history":[{"count":7,"href":"https:\/\/expo-moto.ch\/wordpress\/de\/wp-json\/wp\/v2\/pages\/893\/revisions"}],"predecessor-version":[{"id":1003,"href":"https:\/\/expo-moto.ch\/wordpress\/de\/wp-json\/wp\/v2\/pages\/893\/revisions\/1003"}],"wp:attachment":[{"href":"https:\/\/expo-moto.ch\/wordpress\/de\/wp-json\/wp\/v2\/media?parent=893"}],"curies":[{"name":"wp","href":"https:\/\/api.w.org\/{rel}","templated":true}]}}