{"id":892,"date":"2024-09-27T12:06:55","date_gmt":"2024-09-27T10:06:55","guid":{"rendered":"https:\/\/expo-moto.ch\/wordpress\/nous\/"},"modified":"2024-10-02T03:49:56","modified_gmt":"2024-10-02T01:49:56","slug":"wir","status":"publish","type":"page","link":"https:\/\/expo-moto.ch\/wordpress\/de\/wir\/","title":{"rendered":"Wir"},"content":{"rendered":"<div class=\"wpb-content-wrapper\"><p>[vc_row full_width=&#8220;stretch_row&#8220; css=&#8220;.vc_custom_1727455932728{margin-right: 0px !important;margin-left: 0px !important;padding-right: 0px !important;padding-left: 0px !important;}&#8220;][vc_column css=&#8220;.vc_custom_1727445378329{margin-right: 0px !important;margin-left: 0px !important;padding-right: 0px !important;padding-left: 0px !important;}&#8220;][vc_single_image image=&#8220;770&#8243; img_size=&#8220;full&#8220; css_animation=&#8220;fadeIn&#8220; css=&#8220;.vc_custom_1727756588708{margin-right: 0px !important;margin-bottom: 0px !important;margin-left: 0px !important;padding-right: 0px !important;padding-left: 0px !important;}&#8220; el_class=&#8220;banner-img&#8220;][\/vc_column][\/vc_row][vc_row el_class=&#8220;site-container extra-title-container&#8220;][vc_column css=&#8220;.vc_custom_1727450317230{padding-right: 0px !important;padding-left: 0px !important;}&#8220;][vc_custom_heading text=&#8220;La face cach\u00e9e de l\u2019expo-moto&#8220; font_container=&#8220;tag:h1|font_size:48|text_align:left|color:%23FFFFFF|line_height:90px&#8220; use_theme_fonts=&#8220;yes&#8220; css=&#8220;&#8220; el_class=&#8220;fw-900 extra-title&#8220;][\/vc_column][\/vc_row][vc_row el_class=&#8220;site-container content-visit&#8220;][vc_column width=&#8220;1\/2&#8243; css=&#8220;.vc_custom_1727496780061{padding-right: 0px !important;padding-left: 0px !important;}&#8220; el_class=&#8220;ex-content-left&#8220;][vc_custom_heading text=&#8220;Les b\u00e9n\u00e9voles&#8220; font_container=&#8220;tag:p|font_size:32px|text_align:left|color:%232B2E34|line_height:44px&#8220; use_theme_fonts=&#8220;yes&#8220; css=&#8220;.vc_custom_1727756677435{margin-bottom: 0px !important;}&#8220; el_class=&#8220;fw-800 text-upper title-32  text-24-tablet&#8220;][vc_custom_heading text=&#8220;Sans eux, sans vous, rien de tout cela ne serait possible !&#8220; font_container=&#8220;tag:p|font_size:24px|text_align:left|color:%232B2E34|line_height:44px&#8220; use_theme_fonts=&#8220;yes&#8220; css=&#8220;.vc_custom_1727756699715{margin-bottom: 44px !important;}&#8220; el_class=&#8220;fw-500 text-normal text-22-tablet&#8220;][vc_custom_heading text=&#8220;L\u2019Expo-Moto c\u2019est pr\u00e8s d\u2019une centaine de b\u00e9n\u00e9voles, comit\u00e9 compris, qui travaillent sans compter et souvent dans l\u2019ombre, pour vous faire vivre une visite de qualit\u00e9.&#8220; font_container=&#8220;tag:p|font_size:24px|text_align:left|color:%232B2E34|line_height:44px&#8220; use_theme_fonts=&#8220;yes&#8220; css=&#8220;.vc_custom_1727756745363{margin-bottom: 44px !important;}&#8220; el_class=&#8220;fw-500 text-normal text-22-tablet&#8220;][vc_custom_heading text=&#8220;Un \u00e9norme merci \u00e0 tous !&#8220; font_container=&#8220;tag:p|font_size:26px|text_align:left|color:%232B2E34|line_height:44px&#8220; use_theme_fonts=&#8220;yes&#8220; css=&#8220;.vc_custom_1727756762323{margin-bottom: 0px !important;}&#8220; el_class=&#8220;fw-800 text-upper title-26 text-24-tablet&#8220;][vc_custom_heading text=&#8220;Vous \u00eates formidables !&#8220; font_container=&#8220;tag:p|font_size:26px|text_align:left|color:%232B2E34|line_height:44px&#8220; use_theme_fonts=&#8220;yes&#8220; css=&#8220;.vc_custom_1727756780899{margin-bottom: 0px !important;}&#8220; el_class=&#8220;fw-800 text-upper title-26 text-24-tablet&#8220;][\/vc_column][vc_column width=&#8220;1\/2&#8243;][\/vc_column][\/vc_row][vc_row el_class=&#8220;site-container content-visit&#8220; css=&#8220;.vc_custom_1727756999917{margin-top: 107px !important;}&#8220;][vc_column css=&#8220;.vc_custom_1727496780061{padding-right: 0px !important;padding-left: 0px !important;}&#8220; el_class=&#8220;ex-content-left&#8220;][vc_custom_heading text=&#8220;Le comit\u00e9&#8220; font_container=&#8220;tag:p|font_size:32px|text_align:left|color:%232B2E34|line_height:44px&#8220; use_theme_fonts=&#8220;yes&#8220; css=&#8220;.vc_custom_1727757110955{margin-bottom: 0px !important;}&#8220; el_class=&#8220;fw-800 text-upper title-32  text-24-tablet&#8220;][\/vc_column][\/vc_row][vc_row el_class=&#8220;site-container content-visit&#8220; css=&#8220;.vc_custom_1727768771554{margin-top: 38px !important;margin-bottom: 75px !important;}&#8220;][vc_column css=&#8220;.vc_custom_1727496780061{padding-right: 0px !important;padding-left: 0px !important;}&#8220; el_class=&#8220;ex-content-left&#8220;][vc_column_text css=&#8220;.vc_custom_1727766935275{margin-bottom: 0px !important;}&#8220;]<div class=\"members-grid\"><div class=\"member-item\"><img decoding=\"async\" src=\"https:\/\/expo-moto.ch\/wordpress\/wp-content\/uploads\/2024\/11\/WhatsApp-Image-2024-11-04-a-16.42.23_858ff436-1.jpg\" alt=\"Member Name\"><div class=\"overlay\"><div class=\"text\"><h3 class=\"member-name\">Member Name<\/h3><p class=\"member-position\">Member Position<\/p><\/div><\/div><\/div><div class=\"member-item\"><img decoding=\"async\" src=\"https:\/\/expo-moto.ch\/wordpress\/wp-content\/uploads\/2024\/11\/WhatsApp-Image-2024-11-04-a-16.41.33_b12090ec-1.jpg\" alt=\"Member Name\"><div class=\"overlay\"><div class=\"text\"><h3 class=\"member-name\">Member Name<\/h3><p class=\"member-position\">Member Position<\/p><\/div><\/div><\/div><div class=\"member-item\"><img decoding=\"async\" src=\"https:\/\/expo-moto.ch\/wordpress\/wp-content\/uploads\/2024\/11\/WhatsApp-Image-2024-11-21-a-13.16.23_0ce83c70.jpg\" alt=\"Member Name\"><div class=\"overlay\"><div class=\"text\"><h3 class=\"member-name\">Member Name<\/h3><p class=\"member-position\">Member Position<\/p><\/div><\/div><\/div><div class=\"member-item\"><img decoding=\"async\" src=\"https:\/\/expo-moto.ch\/wordpress\/wp-content\/uploads\/2024\/11\/WhatsApp-Image-2024-11-04-a-16.41.33_5d270fd3-1.jpg\" alt=\"Member Name\"><div class=\"overlay\"><div class=\"text\"><h3 class=\"member-name\">Member Name<\/h3><p class=\"member-position\">Member Position<\/p><\/div><\/div><\/div><div class=\"member-item\"><img decoding=\"async\" src=\"https:\/\/expo-moto.ch\/wordpress\/wp-content\/uploads\/2024\/11\/WhatsApp-Image-2024-11-04-a-16.41.32_6418ecaa-1.jpg\" alt=\"Member Name\"><div class=\"overlay\"><div class=\"text\"><h3 class=\"member-name\">Member Name<\/h3><p class=\"member-position\">Member Position<\/p><\/div><\/div><\/div><div class=\"member-item\"><img decoding=\"async\" src=\"https:\/\/expo-moto.ch\/wordpress\/wp-content\/uploads\/2024\/11\/WhatsApp-Image-2024-11-04-a-16.41.32_fc63386c-1.jpg\" alt=\"Member Name\"><div class=\"overlay\"><div class=\"text\"><h3 class=\"member-name\">Member Name<\/h3><p class=\"member-position\">Member Position<\/p><\/div><\/div><\/div><div class=\"member-item\"><img decoding=\"async\" src=\"https:\/\/expo-moto.ch\/wordpress\/wp-content\/uploads\/2024\/11\/WhatsApp-Image-2024-11-04-a-16.41.32_75391ad3-1.jpg\" alt=\"Member Name\"><div class=\"overlay\"><div class=\"text\"><h3 class=\"member-name\">Member Name<\/h3><p class=\"member-position\">Member Position<\/p><\/div><\/div><\/div><div class=\"member-item\"><img decoding=\"async\" src=\"https:\/\/expo-moto.ch\/wordpress\/wp-content\/uploads\/2024\/11\/WhatsApp-Image-2024-11-04-a-16.41.32_c7f3aa35-1.jpg\" alt=\"Member Name\"><div class=\"overlay\"><div class=\"text\"><h3 class=\"member-name\">Member Name<\/h3><p class=\"member-position\">Member Position<\/p><\/div><\/div><\/div><\/div>[\/vc_column_text][\/vc_column][\/vc_row]<\/p>\n<\/div>","protected":false},"excerpt":{"rendered":"<p>[vc_row full_width=&#8220;stretch_row&#8220; css=&#8220;.vc_custom_1727455932728{margin-right: 0px !important;margin-left: 0px !important;padding-right: 0px !important;padding-left: 0px !important;}&#8220;][vc_column css=&#8220;.vc_custom_1727445378329{margin-right: 0px !important;margin-left: 0px !important;padding-right: 0px !important;padding-left: 0px !important;}&#8220;][vc_single_image image=&#8220;770&#8243; img_size=&#8220;full&#8220; css_animation=&#8220;fadeIn&#8220; css=&#8220;.vc_custom_1727756588708{margin-right: 0px !important;margin-bottom: 0px !important;margin-left: 0px !important;padding-right: 0px !important;padding-left: 0px !important;}&#8220; el_class=&#8220;banner-img&#8220;][\/vc_column][\/vc_row][vc_row el_class=&#8220;site-container extra-title-container&#8220;][vc_column css=&#8220;.vc_custom_1727450317230{padding-right: 0px !important;padding-left: 0px !important;}&#8220;][vc_custom_heading text=&#8220;La face cach\u00e9e de l\u2019expo-moto&#8220; font_container=&#8220;tag:h1|font_size:48|text_align:left|color:%23FFFFFF|line_height:90px&#8220; use_theme_fonts=&#8220;yes&#8220; css=&#8220;&#8220; el_class=&#8220;fw-900 extra-title&#8220;][\/vc_column][\/vc_row][vc_row el_class=&#8220;site-container content-visit&#8220;][vc_column width=&#8220;1\/2&#8243; [&hellip;]<\/p>\n","protected":false},"author":1,"featured_media":0,"parent":0,"menu_order":0,"comment_status":"closed","ping_status":"closed","template":"","meta":{"_acf_changed":false,"footnotes":""},"class_list":["post-892","page","type-page","status-publish","hentry"],"acf":[],"_links":{"self":[{"href":"https:\/\/expo-moto.ch\/wordpress\/de\/wp-json\/wp\/v2\/pages\/892","targetHints":{"allow":["GET"]}}],"collection":[{"href":"https:\/\/expo-moto.ch\/wordpress\/de\/wp-json\/wp\/v2\/pages"}],"about":[{"href":"https:\/\/expo-moto.ch\/wordpress\/de\/wp-json\/wp\/v2\/types\/page"}],"author":[{"embeddable":true,"href":"https:\/\/expo-moto.ch\/wordpress\/de\/wp-json\/wp\/v2\/users\/1"}],"replies":[{"embeddable":true,"href":"https:\/\/expo-moto.ch\/wordpress\/de\/wp-json\/wp\/v2\/comments?post=892"}],"version-history":[{"count":1,"href":"https:\/\/expo-moto.ch\/wordpress\/de\/wp-json\/wp\/v2\/pages\/892\/revisions"}],"predecessor-version":[{"id":945,"href":"https:\/\/expo-moto.ch\/wordpress\/de\/wp-json\/wp\/v2\/pages\/892\/revisions\/945"}],"wp:attachment":[{"href":"https:\/\/expo-moto.ch\/wordpress\/de\/wp-json\/wp\/v2\/media?parent=892"}],"curies":[{"name":"wp","href":"https:\/\/api.w.org\/{rel}","templated":true}]}}