{"id":889,"date":"2024-09-27T12:06:28","date_gmt":"2024-09-27T10:06:28","guid":{"rendered":"https:\/\/expo-moto.ch\/wordpress\/exposer\/"},"modified":"2024-10-02T05:14:39","modified_gmt":"2024-10-02T03:14:39","slug":"exponieren","status":"publish","type":"page","link":"https:\/\/expo-moto.ch\/wordpress\/de\/exponieren\/","title":{"rendered":"Exponieren"},"content":{"rendered":"<div class=\"wpb-content-wrapper\"><p>[vc_row full_width=&#8220;stretch_row&#8220; css=&#8220;.vc_custom_1727455932728{margin-right: 0px !important;margin-left: 0px !important;padding-right: 0px !important;padding-left: 0px !important;}&#8220;][vc_column css=&#8220;.vc_custom_1727445378329{margin-right: 0px !important;margin-left: 0px !important;padding-right: 0px !important;padding-left: 0px !important;}&#8220;][vc_single_image image=&#8220;630&#8243; img_size=&#8220;full&#8220; css_animation=&#8220;fadeIn&#8220; css=&#8220;.vc_custom_1727496035557{margin-right: 0px !important;margin-bottom: 0px !important;margin-left: 0px !important;padding-right: 0px !important;padding-left: 0px !important;}&#8220; el_class=&#8220;banner-img&#8220;][\/vc_column][\/vc_row][vc_row el_class=&#8220;site-container extra-title-container&#8220;][vc_column css=&#8220;.vc_custom_1727450317230{padding-right: 0px !important;padding-left: 0px !important;}&#8220;][vc_custom_heading text=&#8220;EXPOSER A l\u2019EXPO-MOTO C\u2018EST :&#8220; font_container=&#8220;tag:h1|font_size:48|text_align:left|color:%23FFFFFF|line_height:90px&#8220; use_theme_fonts=&#8220;yes&#8220; css=&#8220;&#8220; el_class=&#8220;fw-900 extra-title&#8220;][\/vc_column][\/vc_row][vc_row el_class=&#8220;site-container content-ex&#8220;][vc_column width=&#8220;1\/4&#8243; css=&#8220;.vc_custom_1727496780061{padding-right: 0px !important;padding-left: 0px !important;}&#8220; el_class=&#8220;ex-content-left&#8220;][vc_custom_heading text=&#8220;RENCONTRER&#8220; font_container=&#8220;tag:p|font_size:32px|text_align:left|color:%232B2E34|line_height:44px&#8220; use_theme_fonts=&#8220;yes&#8220; css=&#8220;.vc_custom_1727497728660{margin-bottom: 0px !important;}&#8220; el_class=&#8220;fw-800 text-upper&#8220;][vc_custom_heading text=&#8220;de nouveaux prospects et clients&#8220; font_container=&#8220;tag:p|font_size:32px|text_align:left|color:%232B2E34|line_height:44px&#8220; use_theme_fonts=&#8220;yes&#8220; css=&#8220;.vc_custom_1727497745228{margin-bottom: 20px !important;}&#8220; el_class=&#8220;fw-500&#8243;][vc_custom_heading text=&#8220;\u00eaTRE PRESENT&#8220; font_container=&#8220;tag:p|font_size:32px|text_align:left|color:%232B2E34|line_height:44px&#8220; use_theme_fonts=&#8220;yes&#8220; css=&#8220;.vc_custom_1727497773091{margin-bottom: 0px !important;}&#8220; el_class=&#8220;fw-800 text-upper&#8220;][vc_custom_heading text=&#8220;sur le salon le plus important de Suisse romande d\u00e9di\u00e9 \u00e0 la moto&#8220; font_container=&#8220;tag:p|font_size:32px|text_align:left|color:%232B2E34|line_height:44px&#8220; use_theme_fonts=&#8220;yes&#8220; css=&#8220;.vc_custom_1727497788132{margin-bottom: 20px !important;}&#8220; el_class=&#8220;fw-500&#8243;][vc_custom_heading text=&#8220;GENERER&#8220; font_container=&#8220;tag:p|font_size:32px|text_align:left|color:%232B2E34|line_height:44px&#8220; use_theme_fonts=&#8220;yes&#8220; css=&#8220;.vc_custom_1727497852098{margin-bottom: 0px !important;}&#8220; el_class=&#8220;fw-800 text-upper&#8220;][vc_custom_heading text=&#8220;des ventes et des commandes&#8220; font_container=&#8220;tag:p|font_size:32px|text_align:left|color:%232B2E34|line_height:44px&#8220; use_theme_fonts=&#8220;yes&#8220; css=&#8220;.vc_custom_1727497862436{margin-bottom: 0px !important;}&#8220; el_class=&#8220;fw-500&#8243;][vc_custom_heading text=&#8220;des ventes et des commandes&#8220; font_container=&#8220;tag:p|font_size:32px|text_align:left|color:%232B2E34|line_height:44px&#8220; use_theme_fonts=&#8220;yes&#8220; css=&#8220;.vc_custom_1727497919066{margin-bottom: 20px !important;}&#8220; el_class=&#8220;fw-500&#8243;][vc_custom_heading text=&#8220;FIDELISER&#8220; font_container=&#8220;tag:p|font_size:32px|text_align:left|color:%232B2E34|line_height:44px&#8220; use_theme_fonts=&#8220;yes&#8220; css=&#8220;.vc_custom_1727497872723{margin-bottom: 20px !important;}&#8220; el_class=&#8220;fw-800 text-upper&#8220;][vc_custom_heading text=&#8220;vos clients existants en les invitant sur votre stand&#8220; font_container=&#8220;tag:p|font_size:32px|text_align:left|color:%232B2E34|line_height:44px&#8220; use_theme_fonts=&#8220;yes&#8220; css=&#8220;.vc_custom_1727497889667{margin-bottom: 20px !important;}&#8220; el_class=&#8220;fw-500&#8243;][\/vc_column][vc_column width=&#8220;3\/4&#8243; el_class=&#8220;ex-content-right&#8220; css=&#8220;.vc_custom_1727496786283{margin-right: 0px !important;margin-left: 0px !important;padding-right: 0px !important;padding-left: 0px !important;}&#8220;][vc_custom_heading text=&#8220;formulaire d\u2019inscription&#8220; font_container=&#8220;tag:p|font_size:26|text_align:left|color:%232B2E34|line_height:44px&#8220; use_theme_fonts=&#8220;yes&#8220; css=&#8220;.vc_custom_1727497277316{margin-bottom: 0px !important;padding-bottom: 0px !important;}&#8220; el_class=&#8220;fw-800 text-upper&#8220;][vc_btn title=&#8220;Inscription&#8220; style=&#8220;custom&#8220; custom_background=&#8220;#FFFFFF&#8220; custom_text=&#8220;#9D9D9D&#8220; shape=&#8220;square&#8220; size=&#8220;lg&#8220; css=&#8220;.vc_custom_1727772825955{margin-top: 20px !important;margin-bottom: 50px !important;}&#8220; el_class=&#8220;button-yellow fw-800 btn-show-form&#8220; link=&#8220;title:Exposer&#8220; el_id=&#8220;show-form-btn-1&#8243;][vc_column_text css=&#8220;&#8220; el_class=&#8220;hide-form&#8220; el_id=&#8220;form-1&#8243;]<p class=\"wpcf7-contact-form-not-found\"><strong>Fehler:<\/strong> Kontaktformular wurde nicht gefunden.<\/p>[\/vc_column_text][vc_custom_heading text=&#8220;Formulaire de vente&#8220; font_container=&#8220;tag:p|font_size:26|text_align:left|color:%232B2E34|line_height:44px&#8220; use_theme_fonts=&#8220;yes&#8220; css=&#8220;.vc_custom_1727497396092{margin-bottom: 0px !important;}&#8220; el_class=&#8220;fw-800 text-upper&#8220;][vc_btn title=&#8220;Vente&#8220; style=&#8220;custom&#8220; custom_background=&#8220;#FFFFFF&#8220; custom_text=&#8220;#9D9D9D&#8220; shape=&#8220;square&#8220; size=&#8220;lg&#8220; css=&#8220;.vc_custom_1727772883195{margin-top: 20px !important;margin-bottom: 50px !important;}&#8220; el_class=&#8220;button-yellow fw-800 btn-show-form&#8220; link=&#8220;title:Exposer&#8220; el_id=&#8220;show-form-btn-2&#8243;][vc_column_text css=&#8220;&#8220; el_class=&#8220;hide-form&#8220; el_id=&#8220;form-2&#8243;]<p class=\"wpcf7-contact-form-not-found\"><strong>Fehler:<\/strong> Kontaktformular wurde nicht gefunden.<\/p>[\/vc_column_text][vc_custom_heading text=&#8220;Formulaire de vente&#8220; font_container=&#8220;tag:p|font_size:26|text_align:left|color:%232B2E34|line_height:44px&#8220; use_theme_fonts=&#8220;yes&#8220; css=&#8220;.vc_custom_1727497396092{margin-bottom: 0px !important;}&#8220; el_class=&#8220;fw-800 text-upper&#8220;][vc_btn title=&#8220;R\u00e8glement&#8220; style=&#8220;custom&#8220; custom_background=&#8220;#FFFFFF&#8220; custom_text=&#8220;#9D9D9D&#8220; shape=&#8220;square&#8220; size=&#8220;lg&#8220; css=&#8220;.vc_custom_1727838721083{margin-top: 20px !important;margin-bottom: 50px !important;}&#8220; el_class=&#8220;button-yellow fw-800&#8243;][\/vc_column][\/vc_row][vc_row el_class=&#8220;site-container content-ex animation-row&#8220;][vc_column css=&#8220;.vc_custom_1727668161269{padding-right: 0px !important;padding-left: 0px !important;}&#8220; el_class=&#8220;text-20-mb&#8220;][vc_custom_heading text=&#8220;ANIMATIONS&#8220; font_container=&#8220;tag:p|font_size:26px|text_align:left|color:%232B2E34|line_height:44px&#8220; use_theme_fonts=&#8220;yes&#8220; css=&#8220;.vc_custom_1727658310923{margin-bottom: 0px !important;}&#8220; el_class=&#8220;fw-800 text-upper&#8220;][vc_custom_heading text=&#8220;Le Club Motoris\u00e9 de Martigny, organisateur de l\u2019\u00e9v\u00e9nement, f\u00eatera ses 100 ans en 2021. Le th\u00e8me de l\u2019Expo 2020 est En route vers le 100e. Une pr\u00e9sentation de v\u00e9hicules anciens sera mise en place pour montrer aux visiteurs l\u2019\u00e9volution de la moto durant ces 100 derni\u00e8res ann\u00e9es.&#8220; font_container=&#8220;tag:p|font_size:24px|text_align:left|color:%232B2E34|line_height:44px&#8220; use_theme_fonts=&#8220;yes&#8220; css=&#8220;.vc_custom_1727658329947{margin-bottom: 20px !important;}&#8220; el_class=&#8220;fw-500&#8243;][\/vc_column][\/vc_row][vc_row el_class=&#8220;site-container content-ex nous-container&#8220; css=&#8220;.vc_custom_1727666651178{border-color: #FFBD30 !important;}&#8220;][vc_column css=&#8220;.vc_custom_1727668271128{border-top-width: 1px !important;border-right-width: 1px !important;border-bottom-width: 1px !important;border-left-width: 1px !important;padding-top: 19px !important;padding-right: 20px !important;padding-bottom: 28px !important;padding-left: 20px !important;border-left-style: solid !important;border-right-style: solid !important;border-top-style: solid !important;border-bottom-style: solid !important;border-color: #EEEE22 !important;}&#8220; el_class=&#8220;text-24-tablet text-20-mb&#8220;][vc_custom_heading text=&#8220;Nous vous proposons la chose suivante :&#8220; font_container=&#8220;tag:p|font_size:32px|text_align:left|color:%232B2E34|line_height:44px&#8220; use_theme_fonts=&#8220;yes&#8220; css=&#8220;.vc_custom_1727667137512{margin-bottom: 0px !important;}&#8220; el_class=&#8220;fw-800 text-upper font-24-tablet&#8220;][vc_custom_heading text=&#8220;(par moto expos\u00e9e)&#8220; font_container=&#8220;tag:p|font_size:24px|text_align:left|color:%232B2E34|line_height:44px&#8220; use_theme_fonts=&#8220;yes&#8220; css=&#8220;.vc_custom_1727658683339{margin-bottom: 0px !important;}&#8220; el_class=&#8220;fw-500&#8243;][vc_row_inner el_class=&#8220;text-2-column&#8220;][vc_column_inner el_class=&#8220;text-22-tablet text-16-mb&#8220; width=&#8220;1\/2&#8243;][vc_column_text css=&#8220;.vc_custom_1727678940789{margin-bottom: 0px !important;padding-left: 70px !important;}&#8220; el_class=&#8220;font-24 hide-mb&#8220; el_id=&#8220;text-nopadding&#8220;]Ann\u00e9e de cr\u00e9ation jusqu\u2019\u00e0 1939 :<br \/>\nAnn\u00e9e de cr\u00e9ation entre 1940 et 1969 :\u00a0 occasions<br \/>\nAnn\u00e9e de cr\u00e9ation entre 1970 et 1999 :[\/vc_column_text][vc_column_text css=&#8220;.vc_custom_1727678927989{margin-bottom: 0px !important;}&#8220; el_class=&#8220;font-24 hide-pc&#8220;]Ann\u00e9e de cr\u00e9ation jusqu\u2019\u00e0 1939 : 3 emplacements offerts pour des occasions<br \/>\nAnn\u00e9e de cr\u00e9ation entre 1940 et 1969 : 2 emplacements offerts pour des occasions<br \/>\nAnn\u00e9e de cr\u00e9ation entre 1970 et 1999 : 1 emplacement offert pour une occasion[\/vc_column_text][\/vc_column_inner][vc_column_inner el_class=&#8220;hide-mb&#8220; width=&#8220;1\/2&#8243;][vc_column_text css=&#8220;.vc_custom_1727661647671{margin-bottom: 0px !important;}&#8220; el_class=&#8220;font-24&#8243;]3 emplacements offerts pour des occasions<br \/>\n2 emplacements offerts pour des occasions<br \/>\n1 emplacement offert pour une occasion[\/vc_column_text][\/vc_column_inner][\/vc_row_inner][\/vc_column][\/vc_row][vc_row el_class=&#8220;site-container content-ex ex-match&#8220; css=&#8220;.vc_custom_1727663805087{margin-top: 94px !important;margin-bottom: 112px !important;}&#8220;][vc_column width=&#8220;1\/3&#8243; el_class=&#8220;ex-match-item text-24-tablet column-infor&#8220; css=&#8220;.vc_custom_1727679190655{padding-top: 0px !important;padding-right: 0px !important;padding-left: 0px !important;}&#8220;][vc_custom_heading text=&#8220;Informations&#8220; font_container=&#8220;tag:p|font_size:32px|text_align:left|color:%232B2E34|line_height:44px&#8220; use_theme_fonts=&#8220;yes&#8220; css=&#8220;.vc_custom_1727665952456{margin-bottom: 0px !important;}&#8220; el_class=&#8220;fw-800 text-upper&#8220;][vc_custom_heading text=&#8220;Pratiques :&#8220; font_container=&#8220;tag:p|font_size:32px|text_align:left|color:%232B2E34|line_height:44px&#8220; use_theme_fonts=&#8220;yes&#8220; css=&#8220;.vc_custom_1727665944256{margin-bottom: 0px !important;}&#8220; el_class=&#8220;fw-800 text-upper&#8220;][\/vc_column][vc_column width=&#8220;1\/3&#8243; el_class=&#8220;ex-match-item text-24-tablet column-infor&#8220; css=&#8220;.vc_custom_1727679201550{padding-top: 0px !important;padding-right: 0px !important;padding-left: 0px !important;}&#8220;][vc_custom_heading text=&#8220;Vendredi&#8220; font_container=&#8220;tag:p|font_size:32px|text_align:left|color:%232B2E34|line_height:44px&#8220; use_theme_fonts=&#8220;yes&#8220; css=&#8220;.vc_custom_1727665924704{margin-bottom: 0px !important;}&#8220; el_class=&#8220;fw-800 text-upper&#8220;][vc_custom_heading text=&#8220;Montage&#8220; font_container=&#8220;tag:p|font_size:32px|text_align:left|color:%232B2E34|line_height:44px&#8220; use_theme_fonts=&#8220;yes&#8220; css=&#8220;.vc_custom_1727665932728{margin-bottom: 0px !important;}&#8220; el_class=&#8220;fw-800 text-upper&#8220;][vc_custom_heading text=&#8220;8h &#8211; 22h&#8220; font_container=&#8220;tag:p|font_size:32px|text_align:left|color:%232B2E34|line_height:44px&#8220; use_theme_fonts=&#8220;yes&#8220; css=&#8220;.vc_custom_1727663572204{margin-bottom: 40px !important;}&#8220; el_class=&#8220;fw-500&#8243;][vc_custom_heading text=&#8220;Samedi&#8220; font_container=&#8220;tag:p|font_size:32px|text_align:left|color:%232B2E34|line_height:44px&#8220; use_theme_fonts=&#8220;yes&#8220; css=&#8220;.vc_custom_1727663589507{margin-bottom: 0px !important;}&#8220; el_class=&#8220;fw-800 text-upper&#8220;][vc_custom_heading text=&#8220;8h &#8211; 9h30&#8243; font_container=&#8220;tag:p|font_size:32px|text_align:left|color:%232B2E34|line_height:44px&#8220; use_theme_fonts=&#8220;yes&#8220; css=&#8220;.vc_custom_1727663612932{margin-bottom: 0px !important;}&#8220; el_class=&#8220;fw-500&#8243;][\/vc_column][vc_column width=&#8220;1\/3&#8243; css=&#8220;.vc_custom_1727679212526{border-right-width: 1px !important;border-left-width: 1px !important;padding-top: 0px !important;border-left-style: solid !important;border-right-style: solid !important;border-color: #FFBD30 !important;}&#8220; el_class=&#8220;ex-match-item text-24-tablet demon-column column-infor&#8220;][vc_custom_heading text=&#8220;D\u00e9montage&#8220; font_container=&#8220;tag:p|font_size:32px|text_align:left|color:%232B2E34|line_height:44px&#8220; use_theme_fonts=&#8220;yes&#8220; css=&#8220;.vc_custom_1727663705732{margin-bottom: 0px !important;}&#8220; el_class=&#8220;fw-800 text-upper&#8220;][vc_custom_heading text=&#8220;Dimanche&#8220; font_container=&#8220;tag:p|font_size:32px|text_align:left|color:%232B2E34|line_height:44px&#8220; use_theme_fonts=&#8220;yes&#8220; css=&#8220;.vc_custom_1727663661395{margin-bottom: 0px !important;}&#8220; el_class=&#8220;fw-800 text-upper&#8220;][vc_custom_heading text=&#8220;d\u00e8s 18h&#8220; font_container=&#8220;tag:p|font_size:32px|text_align:left|color:%232B2E34|line_height:44px&#8220; use_theme_fonts=&#8220;yes&#8220; css=&#8220;.vc_custom_1727663669340{margin-bottom: 40px !important;}&#8220; el_class=&#8220;fw-500&#8243;][\/vc_column][\/vc_row]<\/p>\n<\/div>","protected":false},"excerpt":{"rendered":"<p>[vc_row full_width=&#8220;stretch_row&#8220; css=&#8220;.vc_custom_1727455932728{margin-right: 0px !important;margin-left: 0px !important;padding-right: 0px !important;padding-left: 0px !important;}&#8220;][vc_column css=&#8220;.vc_custom_1727445378329{margin-right: 0px !important;margin-left: 0px !important;padding-right: 0px !important;padding-left: 0px !important;}&#8220;][vc_single_image image=&#8220;630&#8243; img_size=&#8220;full&#8220; css_animation=&#8220;fadeIn&#8220; css=&#8220;.vc_custom_1727496035557{margin-right: 0px !important;margin-bottom: 0px !important;margin-left: 0px !important;padding-right: 0px !important;padding-left: 0px !important;}&#8220; el_class=&#8220;banner-img&#8220;][\/vc_column][\/vc_row][vc_row el_class=&#8220;site-container extra-title-container&#8220;][vc_column css=&#8220;.vc_custom_1727450317230{padding-right: 0px !important;padding-left: 0px !important;}&#8220;][vc_custom_heading text=&#8220;EXPOSER A l\u2019EXPO-MOTO C\u2018EST :&#8220; font_container=&#8220;tag:h1|font_size:48|text_align:left|color:%23FFFFFF|line_height:90px&#8220; use_theme_fonts=&#8220;yes&#8220; css=&#8220;&#8220; el_class=&#8220;fw-900 extra-title&#8220;][\/vc_column][\/vc_row][vc_row el_class=&#8220;site-container content-ex&#8220;][vc_column width=&#8220;1\/4&#8243; [&hellip;]<\/p>\n","protected":false},"author":1,"featured_media":0,"parent":0,"menu_order":0,"comment_status":"closed","ping_status":"closed","template":"","meta":{"_acf_changed":false,"footnotes":""},"class_list":["post-889","page","type-page","status-publish","hentry"],"acf":[],"_links":{"self":[{"href":"https:\/\/expo-moto.ch\/wordpress\/de\/wp-json\/wp\/v2\/pages\/889","targetHints":{"allow":["GET"]}}],"collection":[{"href":"https:\/\/expo-moto.ch\/wordpress\/de\/wp-json\/wp\/v2\/pages"}],"about":[{"href":"https:\/\/expo-moto.ch\/wordpress\/de\/wp-json\/wp\/v2\/types\/page"}],"author":[{"embeddable":true,"href":"https:\/\/expo-moto.ch\/wordpress\/de\/wp-json\/wp\/v2\/users\/1"}],"replies":[{"embeddable":true,"href":"https:\/\/expo-moto.ch\/wordpress\/de\/wp-json\/wp\/v2\/comments?post=889"}],"version-history":[{"count":5,"href":"https:\/\/expo-moto.ch\/wordpress\/de\/wp-json\/wp\/v2\/pages\/889\/revisions"}],"predecessor-version":[{"id":1002,"href":"https:\/\/expo-moto.ch\/wordpress\/de\/wp-json\/wp\/v2\/pages\/889\/revisions\/1002"}],"wp:attachment":[{"href":"https:\/\/expo-moto.ch\/wordpress\/de\/wp-json\/wp\/v2\/media?parent=889"}],"curies":[{"name":"wp","href":"https:\/\/api.w.org\/{rel}","templated":true}]}}